{"id":298470,"date":"2024-01-16T15:48:27","date_gmt":"2024-01-16T14:48:27","guid":{"rendered":"https:\/\/instytutdietetyki.pl\/sklep\/?post_type=product&#038;p=298470"},"modified":"2025-05-15T22:06:15","modified_gmt":"2025-05-15T20:06:15","slug":"pakiet-dietetyka-i-ii-iii-stopnia-kurs-online","status":"publish","type":"product","link":"https:\/\/instytutdietetyki.pl\/sklep\/produkt\/pakiet-dietetyka-i-ii-iii-stopnia-kurs-online\/","title":{"rendered":"Pakiet: Dietetyka I + II + III stopnia \u2013 Kurs Online"},"content":{"rendered":"<p>PAKIET DAJE MO\u017bLIWO\u015a\u0106 WYKUPIENIA W NI\u017bSZEJ CENIE KURSU DIETETYKI I, II i III STOPNIA.<\/p>\n<p>Czytaj wi\u0119cej o kursach w zak\u0142adce<a href=\"https:\/\/instytutdietetyki.pl\/Kursy_online\" rel=\"nofollow\">\u00a0KURSY ONLINE.<\/a><\/p>\n<ul>\n<li><a href=\"https:\/\/sklep.instytutdietetyki.pl\/p\/kurs-dietetyki-podstawowy-pierwszego-stopnia\" rel=\"nofollow\">Kurs Dietetyki Podstawowy<\/a><\/li>\n<li><a href=\"https:\/\/sklep.instytutdietetyki.pl\/p\/kurs-online-dietetyka-ii-stopnia-sredniozaawansowany\" rel=\"nofollow\">Kurs dietetyki II stopnia<\/a><\/li>\n<li><a href=\"https:\/\/sklep.instytutdietetyki.pl\/p\/kurs-online-dietetyka-iii-stopnia-zaawansowany\" rel=\"nofollow\">Kurs dietetyki III stopnia<\/a><\/li>\n<\/ul>\n<p><strong>W przypadku wykupienia pakietu kurs\u00f3w w promocyjnej cenie certyfikaty i dyplomy wysy\u0142amy wszystkie razem po uko\u0144czeniu wszystkich wykupionych kurs\u00f3w z pakietu.<\/strong><\/p>\n<p><strong>Wykupuj\u0105c kurs lub pakiet wyra\u017casz zgod\u0119, \u017ce pobieraj\u0105c materia\u0142y wizualne uzyskujesz do nich dost\u0119p oraz tracisz mo\u017cliwo\u015b\u0107 skorzystania z prawa do odst\u0105pienia od umowy kupna.<\/strong><\/p>\n","protected":false},"excerpt":{"rendered":"<p>PAKIET DAJE MO\u017bLIWO\u015a\u0106 WYKUPIENIA W NI\u017bSZEJ CENIE KURSU DIETETYKI I, II i III STOPNIA. Czytaj wi\u0119cej o kursach w zak\u0142adce\u00a0KURSY ONLINE. Kurs Dietetyki Podstawowy Kurs dietetyki II stopnia Kurs dietetyki III stopnia W przypadku wykupienia pakietu kurs\u00f3w w promocyjnej cenie certyfikaty i dyplomy wysy\u0142amy wszystkie razem po uko\u0144czeniu wszystkich wykupionych kurs\u00f3w z pakietu. Wykupuj\u0105c kurs [&hellip;]<\/p>\n","protected":false},"featured_media":10509,"comment_status":"open","ping_status":"closed","template":"","meta":{"_et_pb_use_builder":"","_et_pb_old_content":"","_et_gb_content_width":""},"product_brand":[],"product_cat":[65,37],"product_tag":[],"class_list":{"0":"post-298470","1":"product","2":"type-product","3":"status-publish","4":"has-post-thumbnail","6":"product_cat-bestsellery","7":"product_cat-pakiety-kursow-online","9":"first","10":"instock","11":"sale","12":"downloadable","13":"virtual","14":"purchasable","15":"product-type-simple"},"aioseo_notices":[],"_links":{"self":[{"href":"https:\/\/instytutdietetyki.pl\/sklep\/wp-json\/wp\/v2\/product\/298470","targetHints":{"allow":["GET"]}}],"collection":[{"href":"https:\/\/instytutdietetyki.pl\/sklep\/wp-json\/wp\/v2\/product"}],"about":[{"href":"https:\/\/instytutdietetyki.pl\/sklep\/wp-json\/wp\/v2\/types\/product"}],"replies":[{"embeddable":true,"href":"https:\/\/instytutdietetyki.pl\/sklep\/wp-json\/wp\/v2\/comments?post=298470"}],"wp:featuredmedia":[{"embeddable":true,"href":"https:\/\/instytutdietetyki.pl\/sklep\/wp-json\/wp\/v2\/media\/10509"}],"wp:attachment":[{"href":"https:\/\/instytutdietetyki.pl\/sklep\/wp-json\/wp\/v2\/media?parent=298470"}],"wp:term":[{"taxonomy":"product_brand","embeddable":true,"href":"https:\/\/instytutdietetyki.pl\/sklep\/wp-json\/wp\/v2\/product_brand?post=298470"},{"taxonomy":"product_cat","embeddable":true,"href":"https:\/\/instytutdietetyki.pl\/sklep\/wp-json\/wp\/v2\/product_cat?post=298470"},{"taxonomy":"product_tag","embeddable":true,"href":"https:\/\/instytutdietetyki.pl\/sklep\/wp-json\/wp\/v2\/product_tag?post=298470"}],"curies":[{"name":"wp","href":"https:\/\/api.w.org\/{rel}","templated":true}]}}