{"id":3570,"date":"2020-08-10T09:56:57","date_gmt":"2020-08-10T07:56:57","guid":{"rendered":"https:\/\/instytutdietetyki.pl\/sklep\/produkt\/omegabiane-epa\/"},"modified":"2024-03-08T13:50:57","modified_gmt":"2024-03-08T12:50:57","slug":"omegabiane-epa","status":"publish","type":"product","link":"https:\/\/instytutdietetyki.pl\/sklep\/produkt\/omegabiane-epa\/","title":{"rendered":"Omegabiane EPA uk\u0142ad kr\u0105\u017cenia alergie, 80 kaps, Pileje"},"content":{"rendered":"<p><strong>Rekomendowany do suplementacji w:<\/strong><\/p>\n<ul>\n<li>przypadku nieprawid\u0142owego funkcjonowania uk\u0142adu kr\u0105\u017cenia,<\/li>\n<li>diecie ubogiej w kwasy Omega 3,<\/li>\n<li>profilaktyce chor\u00f3b sercowo &#8211; naczyniowych,<\/li>\n<li>niedoborach odporno\u015bci, alergiach.<\/li>\n<\/ul>\n<p><strong>Sk\u0142ad:<\/strong><\/p>\n<ul>\n<li>kwasy t\u0142uszczowe wielonienasycone Omega 3 (EPA 180mg\/1 kapsu\u0142ka; DHA 118mg\/1 kapsu\u0142ka),<\/li>\n<li>wyci\u0105g z rozmarynu\u00a0<em>Rosmarinus officinalis<\/em>,<\/li>\n<li>skoncentrowany olej rybny,<\/li>\n<li>kapsu\u0142ka (\u017celatyna rybia, \u015brodek \u017celuj\u0105cy: glicerol).<\/li>\n<\/ul>\n<p><strong>Zawarto\u015b\u0107 sk\u0142adnik\u00f3w od\u017cywczych w maksymalnej dziennej porcji (3 kapsu\u0142ki):<\/strong><\/p>\n<table>\n<tbody>\n<tr>\n<td width=\"302\">Olej rybny<\/td>\n<td width=\"302\">1863 mg<\/td>\n<\/tr>\n<tr>\n<td width=\"302\">\u2013 w tym wielonienasycone kwasy t\u0142uszczowe omega 3<\/td>\n<td width=\"302\">1071 mg<\/td>\n<\/tr>\n<tr>\n<td width=\"302\">\u2013 kwas eikozapentaenowy (EPA)<\/td>\n<td width=\"302\">651 mg<\/td>\n<\/tr>\n<tr>\n<td width=\"302\">\u2013 kwas dokozaheksaenowy (DHA)<\/td>\n<td width=\"302\">354 mg<\/td>\n<\/tr>\n<\/tbody>\n<\/table>\n<p><strong>Spos\u00f3b u\u017cycia:<\/strong> 1 do 3 kapsu\u0142ek dziennie. W opakowaniu znajduje si\u0119 80 kapsu\u0142ek.<\/p>\n<p><strong>Przeciwwskazania:<\/strong> nie stosowa\u0107 u dzieci poni\u017cej 5 roku \u017cycia.<br \/>\n<em>Suplement diety opracowany na podstawie bada\u0144 naukowych.<\/em><em><br \/>\n<\/em><strong>Nie zawiera glutenu ani laktozy.<\/strong><\/p>\n<p>Produkt wyst\u0119puje w opakowaniach polskoj\u0119zycznych i francuskoj\u0119zycznych, wysy\u0142amy produkty losowo.<\/p>\n<p>&nbsp;<\/p>\n","protected":false},"excerpt":{"rendered":"<p><strong>Omegabiane EPA<\/strong>\u00a0przyczyna si\u0119 do prawid\u0142owej pracy serca oraz uk\u0142adu kr\u0105\u017cenia.<br \/>\nUzupe\u0142nia diet\u0119 w kwasy Omega 3.<\/p>\n","protected":false},"featured_media":298233,"comment_status":"open","ping_status":"closed","template":"","meta":{"_et_pb_use_builder":"","_et_pb_old_content":"","_et_gb_content_width":""},"product_brand":[],"product_cat":[81,83],"product_tag":[148,166,135,167],"class_list":{"0":"post-3570","1":"product","2":"type-product","3":"status-publish","4":"has-post-thumbnail","6":"product_cat-niezbedne-kwasy-tluszczowe","7":"product_cat-uklad-nerwowy","8":"product_tag-alergie","9":"product_tag-kwasy-omega","10":"product_tag-pileje","11":"product_tag-uklad-krazenia","12":"product_shipping_class-suplementy-diety","14":"first","15":"instock","16":"shipping-taxable","17":"purchasable","18":"product-type-simple"},"aioseo_notices":[],"_links":{"self":[{"href":"https:\/\/instytutdietetyki.pl\/sklep\/wp-json\/wp\/v2\/product\/3570","targetHints":{"allow":["GET"]}}],"collection":[{"href":"https:\/\/instytutdietetyki.pl\/sklep\/wp-json\/wp\/v2\/product"}],"about":[{"href":"https:\/\/instytutdietetyki.pl\/sklep\/wp-json\/wp\/v2\/types\/product"}],"replies":[{"embeddable":true,"href":"https:\/\/instytutdietetyki.pl\/sklep\/wp-json\/wp\/v2\/comments?post=3570"}],"wp:featuredmedia":[{"embeddable":true,"href":"https:\/\/instytutdietetyki.pl\/sklep\/wp-json\/wp\/v2\/media\/298233"}],"wp:attachment":[{"href":"https:\/\/instytutdietetyki.pl\/sklep\/wp-json\/wp\/v2\/media?parent=3570"}],"wp:term":[{"taxonomy":"product_brand","embeddable":true,"href":"https:\/\/instytutdietetyki.pl\/sklep\/wp-json\/wp\/v2\/product_brand?post=3570"},{"taxonomy":"product_cat","embeddable":true,"href":"https:\/\/instytutdietetyki.pl\/sklep\/wp-json\/wp\/v2\/product_cat?post=3570"},{"taxonomy":"product_tag","embeddable":true,"href":"https:\/\/instytutdietetyki.pl\/sklep\/wp-json\/wp\/v2\/product_tag?post=3570"}],"curies":[{"name":"wp","href":"https:\/\/api.w.org\/{rel}","templated":true}]}}