{"id":4332,"date":"2020-09-03T20:41:09","date_gmt":"2020-09-03T18:41:09","guid":{"rendered":"https:\/\/instytutdietetyki.pl\/sklep\/produkt\/f-glutamine-formeds\/"},"modified":"2024-01-15T15:13:23","modified_gmt":"2024-01-15T14:13:23","slug":"f-glutamine-formeds","status":"publish","type":"product","link":"https:\/\/instytutdietetyki.pl\/sklep\/produkt\/f-glutamine-formeds\/","title":{"rendered":"F-GLUTAMINE aminokwasy ForMeds"},"content":{"rendered":"<p>F-GLUTAMINE to produkt w formie proszku. Zawiera 700 mg L-glutaminy otrzymanej w procesie fermentacji. Czysty sk\u0142ad &#8211; produkt nie zawiera m.in. sztucznych wype\u0142niaczy, barwnik\u00f3w i konserwant\u00f3w. F-GLUTAMINE jest odpowiedni dla wegetarian i wegan.<\/p>\n<p><strong>Dzia\u0142anie:<br \/>\n<\/strong>Glutamina to aminokwas, jeden z trzech najliczniej wyst\u0119puj\u0105cych aminokwas\u00f3w we krwi i m\u00f3zgu.<\/p>\n<div class='et-box et-shadow'>\n\t\t\t\t\t<div class='et-box-content'>Zalecana porcja dzienna (0,7 g) zawiera:<\/p>\n<ul>\n<li>L-glutamina &#8211; 700 mg<\/li>\n<\/ul>\n<p>W opakowaniu znajduje si\u0119 63g produktu tj. 90 porcji.<\/div><\/div>\n<p><strong>Sk\u0142adniki: <\/strong>L-glutamina<\/p>\n<p><strong>\u015arodki ostro\u017cno\u015bci:<br \/>\n<\/strong>Nie nale\u017cy przekracza\u0107 zalecanej dziennej porcji do spo\u017cycia w ci\u0105gu dnia. Produkt nie powinien by\u0107 stosowany przez kobiety w ci\u0105\u017cy i karmi\u0105ce bez konsultacji lekarskiej. Produkt nie mo\u017ce by\u0107 stosowany jako substytut zr\u00f3\u017cnicowanej diety.<br \/>\nNie stosowa\u0107 w przypadku uczulenia na kt\u00f3rykolwiek ze sk\u0142adnik\u00f3w. Zalecamy zr\u00f3wnowa\u017cony spos\u00f3b \u017cywienia i zdrowy tryb \u017cycia.<\/p>\n<p><strong>Spos\u00f3b u\u017cycia:<br \/>\n<\/strong>Wsypa\u0107 1 porcj\u0119 (1 p\u0142aska miarka) do suchego naczynia. Doda\u0107 200 ml wody lub innego napoju i wymiesza\u0107. Nale\u017cy zachowa\u0107 kolejno\u015b\u0107 przygotowania, aby dok\u0142adnie rozpu\u015bci\u0107 proszek. Spo\u017cywa\u0107 1 raz dziennie w trakcie posi\u0142ku. Przed u\u017cyciem energicznie wstrz\u0105sn\u0105\u0107 pojemnik.<\/p>\n","protected":false},"excerpt":{"rendered":"<p>F-GLUTAMINE to produkt w formie proszku. Zawiera 700 mg L-glutaminy otrzymanej w procesie fermentacji. Czysty sk\u0142ad &#8211; produkt nie zawiera m.in. sztucznych wype\u0142niaczy, barwnik\u00f3w i konserwant\u00f3w. F-GLUTAMINE jest odpowiedni dla wegetarian i wegan.<\/p>\n","protected":false},"featured_media":10736,"comment_status":"open","ping_status":"closed","template":"","meta":{"_et_pb_use_builder":"","_et_pb_old_content":"","_et_gb_content_width":""},"product_brand":[],"product_cat":[118],"product_tag":[122],"class_list":{"0":"post-4332","1":"product","2":"type-product","3":"status-publish","4":"has-post-thumbnail","6":"product_cat-aminokwas","7":"product_tag-formeds","8":"product_shipping_class-suplementy-diety","10":"first","11":"instock","12":"shipping-taxable","13":"purchasable","14":"product-type-simple"},"aioseo_notices":[],"_links":{"self":[{"href":"https:\/\/instytutdietetyki.pl\/sklep\/wp-json\/wp\/v2\/product\/4332","targetHints":{"allow":["GET"]}}],"collection":[{"href":"https:\/\/instytutdietetyki.pl\/sklep\/wp-json\/wp\/v2\/product"}],"about":[{"href":"https:\/\/instytutdietetyki.pl\/sklep\/wp-json\/wp\/v2\/types\/product"}],"replies":[{"embeddable":true,"href":"https:\/\/instytutdietetyki.pl\/sklep\/wp-json\/wp\/v2\/comments?post=4332"}],"wp:featuredmedia":[{"embeddable":true,"href":"https:\/\/instytutdietetyki.pl\/sklep\/wp-json\/wp\/v2\/media\/10736"}],"wp:attachment":[{"href":"https:\/\/instytutdietetyki.pl\/sklep\/wp-json\/wp\/v2\/media?parent=4332"}],"wp:term":[{"taxonomy":"product_brand","embeddable":true,"href":"https:\/\/instytutdietetyki.pl\/sklep\/wp-json\/wp\/v2\/product_brand?post=4332"},{"taxonomy":"product_cat","embeddable":true,"href":"https:\/\/instytutdietetyki.pl\/sklep\/wp-json\/wp\/v2\/product_cat?post=4332"},{"taxonomy":"product_tag","embeddable":true,"href":"https:\/\/instytutdietetyki.pl\/sklep\/wp-json\/wp\/v2\/product_tag?post=4332"}],"curies":[{"name":"wp","href":"https:\/\/api.w.org\/{rel}","templated":true}]}}