{"id":4369,"date":"2020-09-03T21:51:29","date_gmt":"2020-09-03T19:51:29","guid":{"rendered":"https:\/\/instytutdietetyki.pl\/sklep\/produkt\/bicaps-d3-2000-formeds\/"},"modified":"2024-01-16T08:20:26","modified_gmt":"2024-01-16T07:20:26","slug":"bicaps-d3-2000-formeds","status":"publish","type":"product","link":"https:\/\/instytutdietetyki.pl\/sklep\/produkt\/bicaps-d3-2000-formeds\/","title":{"rendered":"Bicaps D3 2000, witamina d3, ForMeds"},"content":{"rendered":"<p>BICAPS D3 2000 zawiera 2000 IU naturalnej witaminy D (z lanoliny). Czysty sk\u0142ad &#8211; produkt nie zawiera m.in. sztucznych wype\u0142niaczy, przeciwzbrylaczy i barwnik\u00f3w. Naturalna kapsu\u0142ka z pullulanu &#8211; pozyskiwanego w procesie fermentacji. Pojemnik wytworzony z u\u017cyciem ro\u015blinnych surowc\u00f3w.<\/p>\n<p><strong>Dzia\u0142anie:<br \/>\n<\/strong>Witamina D pomaga w prawid\u0142owym wch\u0142anianiu i wykorzystaniu wapnia, utrzymaniu zdrowych ko\u015bci, mi\u0119\u015bni i staw\u00f3w oraz wspiera uk\u0142ad odporno\u015bciowy.<\/p>\n<div class='et-box et-shadow'>\n\t\t\t\t\t<div class='et-box-content'>Zalecana porcja dzienna (1 kapsu\u0142ka) zawiera (referencyjna warto\u015b\u0107 spo\u017cycia %):<\/p>\n<ul>\n<li>Witamina D (D3 cholekalcyferol) &#8211; 50 \u00b5g (1 000%) \/ 2 000 IU<\/li>\n<li>Inulina &#8211; 290 mg<\/li>\n<\/ul>\n<p>W opakowaniu znajduje si\u0119 120 kapsu\u0142ek tj. 120 porcji.<\/div><\/div>\n<p><strong>Sk\u0142adniki:<br \/>\n<\/strong>inulina (korze\u0144 cykorii), pullulan (otoczka kapsu\u0142ki), witamina D (cholekalcyferol z lanoliny)<\/p>\n<p><strong>\u015arodki ostro\u017cno\u015bci:<br \/>\n<\/strong>Nie nale\u017cy przekracza\u0107 zalecanej dziennej porcji do spo\u017cycia w ci\u0105gu dnia. Produkt nie powinien by\u0107 stosowany przez kobiety w ci\u0105\u017cy i karmi\u0105ce bez konsultacji lekarskiej. Produkt nie mo\u017ce by\u0107 stosowany jako substytut zr\u00f3\u017cnicowanej diety.<br \/>\nNie stosowa\u0107 w przypadku uczulenia na kt\u00f3rykolwiek ze sk\u0142adnik\u00f3w. Zalecamy zr\u00f3wnowa\u017cony spos\u00f3b \u017cywienia i zdrowy tryb \u017cycia.<\/p>\n<p><strong>Spos\u00f3b u\u017cycia:<br \/>\n<\/strong>Spo\u017cywa\u0107 1 kapsu\u0142k\u0119 1 raz dziennie w trakcie posi\u0142ku.<\/p>\n","protected":false},"excerpt":{"rendered":"<p>BICAPS D3 2000 zawiera 2000 IU naturalnej witaminy D (z lanoliny). Czysty sk\u0142ad &#8211; produkt nie zawiera m.in. sztucznych wype\u0142niaczy, przeciwzbrylaczy i barwnik\u00f3w. Naturalna kapsu\u0142ka z pullulanu &#8211; pozyskiwanego w procesie fermentacji. Pojemnik wytworzony z u\u017cyciem ro\u015blinnych surowc\u00f3w.<\/p>\n","protected":false},"featured_media":298331,"comment_status":"open","ping_status":"closed","template":"","meta":{"_et_pb_use_builder":"","_et_pb_old_content":"","_et_gb_content_width":""},"product_brand":[],"product_cat":[198,89],"product_tag":[122,143],"class_list":{"0":"post-4369","1":"product","2":"type-product","3":"status-publish","4":"has-post-thumbnail","6":"product_cat-witamina-d3","7":"product_cat-witaminy","8":"product_tag-formeds","9":"product_tag-odpornosc","10":"product_shipping_class-suplementy-diety","12":"first","13":"instock","14":"shipping-taxable","15":"purchasable","16":"product-type-simple"},"aioseo_notices":[],"_links":{"self":[{"href":"https:\/\/instytutdietetyki.pl\/sklep\/wp-json\/wp\/v2\/product\/4369","targetHints":{"allow":["GET"]}}],"collection":[{"href":"https:\/\/instytutdietetyki.pl\/sklep\/wp-json\/wp\/v2\/product"}],"about":[{"href":"https:\/\/instytutdietetyki.pl\/sklep\/wp-json\/wp\/v2\/types\/product"}],"replies":[{"embeddable":true,"href":"https:\/\/instytutdietetyki.pl\/sklep\/wp-json\/wp\/v2\/comments?post=4369"}],"wp:featuredmedia":[{"embeddable":true,"href":"https:\/\/instytutdietetyki.pl\/sklep\/wp-json\/wp\/v2\/media\/298331"}],"wp:attachment":[{"href":"https:\/\/instytutdietetyki.pl\/sklep\/wp-json\/wp\/v2\/media?parent=4369"}],"wp:term":[{"taxonomy":"product_brand","embeddable":true,"href":"https:\/\/instytutdietetyki.pl\/sklep\/wp-json\/wp\/v2\/product_brand?post=4369"},{"taxonomy":"product_cat","embeddable":true,"href":"https:\/\/instytutdietetyki.pl\/sklep\/wp-json\/wp\/v2\/product_cat?post=4369"},{"taxonomy":"product_tag","embeddable":true,"href":"https:\/\/instytutdietetyki.pl\/sklep\/wp-json\/wp\/v2\/product_tag?post=4369"}],"curies":[{"name":"wp","href":"https:\/\/api.w.org\/{rel}","templated":true}]}}