{"id":4430,"date":"2020-09-04T20:51:43","date_gmt":"2020-09-04T18:51:43","guid":{"rendered":"https:\/\/instytutdietetyki.pl\/sklep\/produkt\/bicaps-ec-formeds\/"},"modified":"2024-01-16T08:33:24","modified_gmt":"2024-01-16T07:33:24","slug":"bicaps-ec-formeds","status":"publish","type":"product","link":"https:\/\/instytutdietetyki.pl\/sklep\/produkt\/bicaps-ec-formeds\/","title":{"rendered":"Bicaps witamina E+C ForMeds"},"content":{"rendered":"<p>Bicaps witamina E+C zawiera 134 mg naturalnej witaminy E oraz 100 mg witaminy C. Czysty sk\u0142ad &#8211; produkt nie zawiera m.in. sztucznych wype\u0142niaczy, przeciwzbrylaczy i barwnik\u00f3w. Naturalna, wega\u0144ska kapsu\u0142ka z pullulanu &#8211; pozyskiwanego w procesie fermentacji. Pojemnik wytworzony z u\u017cyciem ro\u015blinnych surowc\u00f3w. Produkt odpowiedni dla wegetarian i wegan.<\/p>\n<p><strong>Dzia\u0142anie:<br \/>\n<\/strong>Witamina E pomaga w ochronie kom\u00f3rek przed stresem oksydacyjnym. Witamina C pomaga w regeneracji zredukowanej formy witaminy E.<\/p>\n<div class='et-box et-shadow'>\n\t\t\t\t\t<div class='et-box-content'>Zalecana porcja dzienna (1 kapsu\u0142ka) zawiera (referencyjna warto\u015b\u0107 spo\u017cycia %):<\/p>\n<p>Witamina E (ekwiwalent D-alfa-tokoferolu) &#8211; 134 mg (1 117%)\nWitamina C &#8211; 100 mg (125%)\nInulina &#8211; 145 mg<\/p>\n<p>W opakowaniu znajduje si\u0119 60 kapsu\u0142ek tj. 60 porcji.<\/div><\/div>\n<p><strong>Sk\u0142adniki:<br \/>\n<\/strong>witamina E (bursztynian D-alfa-tokoferylu z soi), inulina (korze\u0144 cykorii), pullulan (otoczka kapsu\u0142ki), witamina C (kwas L-askorbinowy)<\/p>\n<p><strong>\u015arodki ostro\u017cno\u015bci:<br \/>\n<\/strong>Nie nale\u017cy przekracza\u0107 zalecanej dziennej porcji do spo\u017cycia w ci\u0105gu dnia. Produkt nie powinien by\u0107 stosowany przez kobiety w ci\u0105\u017cy i karmi\u0105ce bez konsultacji lekarskiej. Produkt nie mo\u017ce by\u0107 stosowany jako substytut zr\u00f3\u017cnicowanej diety.<br \/>\nNie stosowa\u0107 w przypadku uczulenia na kt\u00f3rykolwiek ze sk\u0142adnik\u00f3w. Zalecamy zr\u00f3wnowa\u017cony spos\u00f3b \u017cywienia i zdrowy tryb \u017cycia.<\/p>\n<p><strong>Spos\u00f3b u\u017cycia:<br \/>\n<\/strong>Spo\u017cywa\u0107 1 kapsu\u0142k\u0119 1 raz dziennie w trakcie posi\u0142ku.<\/p>\n","protected":false},"excerpt":{"rendered":"<p>BICAPS E+C zawiera 134 mg naturalnej witaminy E oraz 100 mg witaminy C. Czysty sk\u0142ad &#8211; produkt nie zawiera m.in. sztucznych wype\u0142niaczy, przeciwzbrylaczy i barwnik\u00f3w. Naturalna, wega\u0144ska kapsu\u0142ka z pullulanu &#8211; pozyskiwanego w procesie fermentacji. Pojemnik wytworzony z u\u017cyciem ro\u015blinnych surowc\u00f3w. Produkt odpowiedni dla wegetarian i wegan.<\/p>\n","protected":false},"featured_media":298335,"comment_status":"open","ping_status":"closed","template":"","meta":{"_et_pb_use_builder":"","_et_pb_old_content":"","_et_gb_content_width":""},"product_brand":[],"product_cat":[89],"product_tag":[122],"class_list":{"0":"post-4430","1":"product","2":"type-product","3":"status-publish","4":"has-post-thumbnail","6":"product_cat-witaminy","7":"product_tag-formeds","8":"product_shipping_class-suplementy-diety","10":"first","11":"instock","12":"shipping-taxable","13":"purchasable","14":"product-type-simple"},"aioseo_notices":[],"_links":{"self":[{"href":"https:\/\/instytutdietetyki.pl\/sklep\/wp-json\/wp\/v2\/product\/4430","targetHints":{"allow":["GET"]}}],"collection":[{"href":"https:\/\/instytutdietetyki.pl\/sklep\/wp-json\/wp\/v2\/product"}],"about":[{"href":"https:\/\/instytutdietetyki.pl\/sklep\/wp-json\/wp\/v2\/types\/product"}],"replies":[{"embeddable":true,"href":"https:\/\/instytutdietetyki.pl\/sklep\/wp-json\/wp\/v2\/comments?post=4430"}],"wp:featuredmedia":[{"embeddable":true,"href":"https:\/\/instytutdietetyki.pl\/sklep\/wp-json\/wp\/v2\/media\/298335"}],"wp:attachment":[{"href":"https:\/\/instytutdietetyki.pl\/sklep\/wp-json\/wp\/v2\/media?parent=4430"}],"wp:term":[{"taxonomy":"product_brand","embeddable":true,"href":"https:\/\/instytutdietetyki.pl\/sklep\/wp-json\/wp\/v2\/product_brand?post=4430"},{"taxonomy":"product_cat","embeddable":true,"href":"https:\/\/instytutdietetyki.pl\/sklep\/wp-json\/wp\/v2\/product_cat?post=4430"},{"taxonomy":"product_tag","embeddable":true,"href":"https:\/\/instytutdietetyki.pl\/sklep\/wp-json\/wp\/v2\/product_tag?post=4430"}],"curies":[{"name":"wp","href":"https:\/\/api.w.org\/{rel}","templated":true}]}}