{"id":4500,"date":"2020-09-06T12:52:34","date_gmt":"2020-09-06T10:52:34","guid":{"rendered":"https:\/\/instytutdietetyki.pl\/sklep\/produkt\/bicaps-andrographis-formeds\/"},"modified":"2024-01-16T10:11:20","modified_gmt":"2024-01-16T09:11:20","slug":"bicaps-andrographis-formeds","status":"publish","type":"product","link":"https:\/\/instytutdietetyki.pl\/sklep\/produkt\/bicaps-andrographis-formeds\/","title":{"rendered":"Bicaps Andrographis, brodziuszka wiechowata, ForMeds"},"content":{"rendered":"<p><strong>Bicaps andrographis<\/strong> zawiera ekstrakt z brodziuszki wiechowatej (Andrographis paniculata) z wysok\u0105 zawarto\u015bci\u0105 jej aktywnych sk\u0142adnik\u00f3w &#8211; 30 mg andrografolid\u00f3w. Czysty sk\u0142ad &#8211; produkt nie zawiera m.in. sztucznych wype\u0142niaczy, przeciwzbrylaczy i barwnik\u00f3w. Naturalna, wega\u0144ska kapsu\u0142ka z pullulanu &#8211; pozyskiwanego w procesie fermentacji. Pojemnik wytworzony z u\u017cyciem ro\u015blinnych surowc\u00f3w. Produkt odpowiedni dla wegetarian i wegan.<\/p>\n<p>Ekstrakt ro\u015blinny z brodziuszki wiechowatej z wysok\u0105 zawarto\u015bci\u0105 jej aktywnych sk\u0142adnik\u00f3w andrografolid\u00f3w (30 mg):<\/p>\n<ul class=\"metafield-single_line_text_field-array\">\n<li class=\"metafield-single_line_text_field\">dla wsparcia uk\u0142adu odporno\u015bciowego<\/li>\n<li class=\"metafield-single_line_text_field\">dla \u0142agodzenia problem\u00f3w g\u00f3rnych dr\u00f3g oddechowych<\/li>\n<li class=\"metafield-single_line_text_field\">dla utrzymania zdrowej funkcji w\u0105troby<\/li>\n<li class=\"metafield-single_line_text_field\">dla ochrony hepatocyt\u00f3w &#8211; kom\u00f3rek w\u0105troby<\/li>\n<\/ul>\n<p><strong>Dzia\u0142anie:<br \/>\n<\/strong>Andrographis paniculata wspiera uk\u0142ad odporno\u015bciowy. Pomaga \u0142agodzi\u0107 problemy g\u00f3rnych dr\u00f3g oddechowych. Andrografolidy to aktywne sk\u0142adniki tej ro\u015bliny.<\/p>\n<div class='et-box et-shadow'>\n\t\t\t\t\t<div class='et-box-content'>Zalecana porcja dzienna (1 kapsu\u0142ka) zawiera:<\/p>\n<ul>\n<li>Ekstrakt z li\u015bci i \u0142odygi brodziuszki wiechowatej \u2013 300 mg,<\/li>\n<li>w tym: 10% andrografolid\u00f3w \u2013 30 mg;<\/li>\n<li>Inulina \u2013 90 mg<\/li>\n<\/ul>\n<p>W opakowaniu znajduje si\u0119 60 kapsu\u0142ek tj 60 porcji.<\/div><\/div>\n<p><strong>Sk\u0142adniki:<br \/>\n<\/strong>ekstrakt z li\u015bci i \u0142odygi brodziuszki wiechowatej (Andrographis paniculata zawiera 10% andrografolid\u00f3w), pullulan (otoczka kapsu\u0142ki), inulina (korze\u0144 cykorii)<\/p>\n<p><strong>\u015arodki ostro\u017cno\u015bci:<br \/>\n<\/strong>Nie nale\u017cy przekracza\u0107 zalecanej dziennej porcji do spo\u017cycia w ci\u0105gu dnia. Produkt nie powinien by\u0107 stosowany przez kobiety w ci\u0105\u017cy i karmi\u0105ce bez konsultacji lekarskiej. Produkt nie mo\u017ce by\u0107 stosowany jako substytut zr\u00f3\u017cnicowanej diety.<br \/>\nNie stosowa\u0107 w przypadku uczulenia na kt\u00f3rykolwiek ze sk\u0142adnik\u00f3w. Zalecamy zr\u00f3wnowa\u017cony spos\u00f3b \u017cywienia i zdrowy tryb \u017cycia.<\/p>\n<p><strong>Spos\u00f3b u\u017cycia:<br \/>\n<\/strong>Spo\u017cywa\u0107 1 kapsu\u0142k\u0119 1 raz dziennie w trakcie posi\u0142ku.<\/p>\n","protected":false},"excerpt":{"rendered":"<p>BICAPS ANDROGRAPHIS zawiera ekstrakt z brodziuszki wiechowatej (Andrographis paniculata) z wysok\u0105 zawarto\u015bci\u0105 jej aktywnych sk\u0142adnik\u00f3w &#8211; 30 mg andrografolid\u00f3w. Czysty sk\u0142ad &#8211; produkt nie zawiera m.in. sztucznych wype\u0142niaczy, przeciwzbrylaczy i barwnik\u00f3w. Naturalna, wega\u0144ska kapsu\u0142ka z pullulanu &#8211; pozyskiwanego w procesie fermentacji. Pojemnik wytworzony z u\u017cyciem ro\u015blinnych surowc\u00f3w. Produkt odpowiedni dla wegetarian i wegan.<\/p>\n","protected":false},"featured_media":298383,"comment_status":"open","ping_status":"closed","template":"","meta":{"_et_pb_use_builder":"","_et_pb_old_content":"","_et_gb_content_width":""},"product_brand":[],"product_cat":[85],"product_tag":[112],"class_list":{"0":"post-4500","1":"product","2":"type-product","3":"status-publish","4":"has-post-thumbnail","6":"product_cat-fitoterapia","7":"product_tag-formed","8":"product_shipping_class-suplementy-diety","10":"first","11":"instock","12":"shipping-taxable","13":"purchasable","14":"product-type-simple"},"aioseo_notices":[],"_links":{"self":[{"href":"https:\/\/instytutdietetyki.pl\/sklep\/wp-json\/wp\/v2\/product\/4500","targetHints":{"allow":["GET"]}}],"collection":[{"href":"https:\/\/instytutdietetyki.pl\/sklep\/wp-json\/wp\/v2\/product"}],"about":[{"href":"https:\/\/instytutdietetyki.pl\/sklep\/wp-json\/wp\/v2\/types\/product"}],"replies":[{"embeddable":true,"href":"https:\/\/instytutdietetyki.pl\/sklep\/wp-json\/wp\/v2\/comments?post=4500"}],"wp:featuredmedia":[{"embeddable":true,"href":"https:\/\/instytutdietetyki.pl\/sklep\/wp-json\/wp\/v2\/media\/298383"}],"wp:attachment":[{"href":"https:\/\/instytutdietetyki.pl\/sklep\/wp-json\/wp\/v2\/media?parent=4500"}],"wp:term":[{"taxonomy":"product_brand","embeddable":true,"href":"https:\/\/instytutdietetyki.pl\/sklep\/wp-json\/wp\/v2\/product_brand?post=4500"},{"taxonomy":"product_cat","embeddable":true,"href":"https:\/\/instytutdietetyki.pl\/sklep\/wp-json\/wp\/v2\/product_cat?post=4500"},{"taxonomy":"product_tag","embeddable":true,"href":"https:\/\/instytutdietetyki.pl\/sklep\/wp-json\/wp\/v2\/product_tag?post=4500"}],"curies":[{"name":"wp","href":"https:\/\/api.w.org\/{rel}","templated":true}]}}