{"id":4518,"date":"2020-09-06T14:09:47","date_gmt":"2020-09-06T12:09:47","guid":{"rendered":"https:\/\/instytutdietetyki.pl\/sklep\/produkt\/bicaps-sylimarin-formeds\/"},"modified":"2026-04-08T20:23:23","modified_gmt":"2026-04-08T18:23:23","slug":"bicaps-sylimarin-formeds","status":"publish","type":"product","link":"https:\/\/instytutdietetyki.pl\/sklep\/produkt\/bicaps-sylimarin-formeds\/","title":{"rendered":"Bicaps Sylimarin ostropest karczoch na w\u0105trob\u0119 ForMeds"},"content":{"rendered":"<p><strong>Bicaps Sylimarin<\/strong> zawiera 80 mg sylimaryny z ostropestu plamistego oraz 11,5 mg cynaryny z karczocha. Czysty sk\u0142ad &#8211; produkt nie zawiera m.in. sztucznych wype\u0142niaczy, przeciwzbrylaczy i barwnik\u00f3w. Naturalna, wega\u0144ska kapsu\u0142ka z pullulanu &#8211; pozyskiwanego w procesie fermentacji. Pojemnik wytworzony z u\u017cyciem ro\u015blinnych surowc\u00f3w. Produkt odpowiedni dla wegetarian i wegan.<\/p>\n<p><strong>Dzia\u0142anie:<br \/>\n<\/strong>Sylimaryna i karczoch pozytywnie wp\u0142ywaj\u0105 na funkcjonowanie w\u0105troby. Karczoch pomaga w prawid\u0142owym trawieniu oraz wspomaga detoksykacj\u0119 w\u0105troby.<\/p>\n<div class='et-box et-shadow'>\n\t\t\t\t\t<div class='et-box-content'>Zalecana porcja dzienna (1 kapsu\u0142ka) zawiera:<\/p>\n<ul>\n<li>Ekstrakt z owoc\u00f3w ostropestu plamistego &#8211; 100 mg, w tym:<\/li>\n<li>80% sylimaryna &#8211; 80 mg;<\/li>\n<li>Ekstrakt z li\u015bci karczocha &#8211; 230 mg, w tym:<\/li>\n<li>5% cynaryna &#8211; 11,5 mg To jest miejsce na tre\u015b\u0107<\/li>\n<\/ul>\n<p>W opakowaniu znajduje si\u0119 60 kapsu\u0142ek tj. 60 porcji<\/div><\/div>\n<p><strong>Sk\u0142adniki:<br \/>\n<\/strong>ekstrakt z li\u015bci karczocha (Cynara scolymus L. zawiera 5% cynaryny), ekstrakt z owoc\u00f3w ostropestu plamistego (Silybum marianum L. zawiera 80% sylimaryny), pullulan (otoczka kapsu\u0142ki)<\/p>\n<p><strong>\u015arodki ostro\u017cno\u015bci:<br \/>\n<\/strong>Nie nale\u017cy przekracza\u0107 zalecanej dziennej porcji do spo\u017cycia w ci\u0105gu dnia. Produkt nie powinien by\u0107 stosowany przez kobiety w ci\u0105\u017cy i karmi\u0105ce bez konsultacji lekarskiej. Produkt nie mo\u017ce by\u0107 stosowany jako substytut zr\u00f3\u017cnicowanej diety.<br \/>\nNie stosowa\u0107 w przypadku uczulenia na kt\u00f3rykolwiek ze sk\u0142adnik\u00f3w. Zalecamy zr\u00f3wnowa\u017cony spos\u00f3b \u017cywienia i zdrowy tryb \u017cycia.<\/p>\n<p><strong>Spos\u00f3b u\u017cycia:<br \/>\n<\/strong>Spo\u017cywa\u0107 1 kapsu\u0142k\u0119 1 raz dziennie w trakcie posi\u0142ku.<\/p>\n","protected":false},"excerpt":{"rendered":"<p>BICAPS SYLIMARIN zawiera 80 mg sylimaryny z ostropestu plamistego oraz 11,5 mg cynaryny z karczocha. Czysty sk\u0142ad &#8211; produkt nie zawiera m.in. sztucznych wype\u0142niaczy, przeciwzbrylaczy i barwnik\u00f3w. Naturalna, wega\u0144ska kapsu\u0142ka z pullulanu &#8211; pozyskiwanego w procesie fermentacji. Pojemnik wytworzony z u\u017cyciem ro\u015blinnych surowc\u00f3w. Produkt odpowiedni dla wegetarian i wegan.<\/p>\n","protected":false},"featured_media":298398,"comment_status":"open","ping_status":"closed","template":"","meta":{"_et_pb_use_builder":"","_et_pb_old_content":"","_et_gb_content_width":""},"product_brand":[],"product_cat":[85],"product_tag":[122,141],"class_list":{"0":"post-4518","1":"product","2":"type-product","3":"status-publish","4":"has-post-thumbnail","6":"product_cat-fitoterapia","7":"product_tag-formeds","8":"product_tag-watroba","9":"product_shipping_class-suplementy-diety","11":"first","12":"instock","13":"shipping-taxable","14":"purchasable","15":"product-type-simple"},"aioseo_notices":[],"_links":{"self":[{"href":"https:\/\/instytutdietetyki.pl\/sklep\/wp-json\/wp\/v2\/product\/4518","targetHints":{"allow":["GET"]}}],"collection":[{"href":"https:\/\/instytutdietetyki.pl\/sklep\/wp-json\/wp\/v2\/product"}],"about":[{"href":"https:\/\/instytutdietetyki.pl\/sklep\/wp-json\/wp\/v2\/types\/product"}],"replies":[{"embeddable":true,"href":"https:\/\/instytutdietetyki.pl\/sklep\/wp-json\/wp\/v2\/comments?post=4518"}],"wp:featuredmedia":[{"embeddable":true,"href":"https:\/\/instytutdietetyki.pl\/sklep\/wp-json\/wp\/v2\/media\/298398"}],"wp:attachment":[{"href":"https:\/\/instytutdietetyki.pl\/sklep\/wp-json\/wp\/v2\/media?parent=4518"}],"wp:term":[{"taxonomy":"product_brand","embeddable":true,"href":"https:\/\/instytutdietetyki.pl\/sklep\/wp-json\/wp\/v2\/product_brand?post=4518"},{"taxonomy":"product_cat","embeddable":true,"href":"https:\/\/instytutdietetyki.pl\/sklep\/wp-json\/wp\/v2\/product_cat?post=4518"},{"taxonomy":"product_tag","embeddable":true,"href":"https:\/\/instytutdietetyki.pl\/sklep\/wp-json\/wp\/v2\/product_tag?post=4518"}],"curies":[{"name":"wp","href":"https:\/\/api.w.org\/{rel}","templated":true}]}}