{"id":4605,"date":"2020-09-07T22:02:37","date_gmt":"2020-09-07T20:02:37","guid":{"rendered":"https:\/\/instytutdietetyki.pl\/sklep\/produkt\/prenacaps-folate-formeds\/"},"modified":"2026-03-24T13:20:44","modified_gmt":"2026-03-24T12:20:44","slug":"prenacaps-folate-formeds","status":"publish","type":"product","link":"https:\/\/instytutdietetyki.pl\/sklep\/produkt\/prenacaps-folate-formeds\/","title":{"rendered":"Prenacaps Folate kwas foliowy ForMeds"},"content":{"rendered":"<p>PRENACAPS to linia suplement\u00f3w diety przeznaczonych dla kobiet staraj\u0105cych si\u0119 o dziecko, b\u0119d\u0105cych w ci\u0105\u017cy oraz karmi\u0105cych piersi\u0105. Produkty wyr\u00f3\u017cnia czysty sk\u0142ad \u2013 bez sztucznych substancji wype\u0142niaj\u0105cych, konserwuj\u0105cych, barwnik\u00f3w i s\u0142odzik\u00f3w.<br \/>\nPRENACAPS FOLATE zawiera 800 \u00b5g biologicznie aktywnej formy kwasu foliowego (Quatrefolic\u00ae) o udowodnionej badaniami wysokiej biodost\u0119pno\u015bci. Dzi\u0119ki ro\u015blinnej kapsu\u0142ce z pullulanu produkt jest odpowiedni dla wegetarianek i weganek.<\/p>\n<p>AKTYWNA FORMA KWASU FOLIOWEGO<br \/>\nKwas foliowy, aby m\u00f3g\u0142 by\u0107 wykorzystany przez organizm, po spo\u017cyciu musi zosta\u0107 przekszta\u0142cony w aktywn\u0105 posta\u0107. Wg danych \u015brednio u co drugiej osoby w Europie wyst\u0119puj\u0105 zaburzenia procesu przekszta\u0142cania kwasu foliowego w jego form\u0119 aktywn\u0105. Quatrefolic\u00ae to aktywna forma, kt\u00f3ra nie wymaga przekszta\u0142cenia i mo\u017ce by\u0107 od razu wykorzystana przez organizm.<br \/>\nWYNIKI BADA\u0143 Quatrefolic\u00ae<br \/>\nBadanie nr 1<br \/>\nBadaniu poddano grupy, z kt\u00f3rych ka\u017cda otrzyma\u0142a identyczne dawki odpowiednio Quatrefolic\u00ae i kwasu foliowego.<br \/>\nBadanie wykaza\u0142o, \u017ce:<br \/>\n\u2022 Quatrefolic\u00ae osi\u0105gn\u0119\u0142o ponad 3 razy wy\u017csze maksymalne st\u0119\u017cenie substancji czynnej (Cmax ng\/ml) w 1 h po podaniu w por\u00f3wnaniu do kwasu foliowego<br \/>\n\u2022 Quatrefolic\u00ae osi\u0105gn\u0119\u0142o ponad 9 razy wy\u017csz\u0105 ca\u0142kowit\u0105 przyswajalno\u015b\u0107 substancji czynnej (AUC8h ng\/ml h) w por\u00f3wnaniu do kwasu foliowego.<br \/>\nBadanie nr 2<br \/>\nW badaniu por\u00f3wnywano biodost\u0119pno\u015b\u0107 Quatrefolic\u00ae z L-metylofolianem wapnia. Wykazano wysok\u0105 przyswajalno\u015b\u0107 obu form. Jednak w przypadku Quatrefolic\u00ae maksymalne st\u0119\u017cenie substancji czynnej po podaniu (Cmax nmol\/L) by\u0142o o 10% wy\u017csze ni\u017c L-metylofolianu wapnia.<\/p>\n<p><strong>Dzia\u0142anie:<br \/>\n<\/strong>Znaczenie kwasu foliowego w okresie ci\u0105\u017cy i karmienia piersi\u0105:<br \/>\nKwas foliowy to jeden z wa\u017cniejszych zwi\u0105zk\u00f3w dla rozwijaj\u0105cego si\u0119 w brzuchu dziecka. Niedob\u00f3r tego sk\u0142adnika u mamy jest jedn\u0105 z przyczyn rozwoju m.in. wad uk\u0142adu nerwowego dziecka. Kwas foliowy jest r\u00f3wnie\u017c istotny dla zdrowia przysz\u0142ej mamy oraz mamy karmi\u0105cej. Pomaga w prawid\u0142owej produkcji krwi oraz utrzymaniu prawid\u0142owego metabolizmu homocysteiny. Dodatkowo wspomaga funkcjonowanie uk\u0142adu odporno\u015bciowego oraz przyczynia si\u0119 do zmniejszenia znu\u017cenia i zm\u0119czenia.<\/p>\n<p>Optymaln\u0105 dawk\u0119 nale\u017cy dobra\u0107 z lekarzem ginekologiem.<br \/>\nZesp\u00f3\u0142 Polskiego Towarzystwa Ginekologicznego rekomenduje przyjmowanie kwasu foliowego przez kobiety planuj\u0105ce ci\u0105\u017c\u0119, b\u0119d\u0105ce w ci\u0105\u017cy oraz karmi\u0105ce piersi\u0105 w dawce od 400 \u03bcg do 800 \u03bcg\/dziennie, w zale\u017cno\u015bci od ryzyka wyst\u0105pienia wad p\u0142odu. U kobiet z grupy wysokiego ryzyka zalecane dawki s\u0105 wy\u017csze ni\u017c 800 \u03bcg\/dziennie oraz ustalane wy\u0142\u0105cznie z lekarzem.<br \/>\n\u0179r\u00f3d\u0142o: Jarosz M., Normy \u017cywienia dla populacji Polski 2017, Instytut \u017bywno\u015bci i \u017bywienia;<br \/>\nRekomendacje Polskiego Towarzystwa Ginekologicznego w zakresie stosowania witamin i mikroelement\u00f3w u kobiet planuj\u0105cych ci\u0105\u017c\u0119, ci\u0119\u017carnych i karmi\u0105cych, Ginekol Pol. 5\/2014, 85, 395-399; Suplementacja folian\u00f3w w okresie przedkoncepcyjnym, w ci\u0105\u017cy i po\u0142ogu.Rekomendacje Polskiego Towarzystwa Ginekolog\u00f3wi Po\u0142o\u017cnik\u00f3w, Ginekologia i Perinatologia Praktyczna 2017tom 2, nr 5, strony 210\u2013214.<\/p>\n<div class='et-box et-shadow'>\n\t\t\t\t\t<div class='et-box-content'>Zalecana porcja dzienna (1 kapsu\u0142ka) zawiera (referencyjna dawka spo\u017cycia %):<\/p>\n<ul>\n<li>Folian (Quatrefolic\u00ae) \u2013 800 \u00b5g (400%), Inulina \u2013 345 mg.<\/li>\n<\/ul>\n<p>W opakowaniu znajduje si\u0119 60 kapsu\u0142ek tj. 60 porcji.<\/div><\/div>\n<p><strong>Sk\u0142adniki:<br \/>\n<\/strong>inulina (korze\u0144 cykorii), pullulan (otoczka kapsu\u0142ki), kwas foliowy (s\u00f3l glukozaminowa kwasu (6S)-5-metylotetrahydrofoliowego).<\/p>\n<p><strong>\u015arodki ostro\u017cno\u015bci:<br \/>\n<\/strong>Stosowa\u0107 po konsultacji z lekarzem. Nie nale\u017cy przekracza\u0107 zalecanej dziennej porcji do spo\u017cycia w ci\u0105gu dnia. Produkt nie mo\u017ce by\u0107 stosowany jako substytut zr\u00f3\u017cnicowanej diety. Nie stosowa\u0107 w przypadku uczulenia na kt\u00f3rykolwiek ze sk\u0142adnik\u00f3w. Zr\u00f3wnowa\u017cony spos\u00f3b \u017cywienia oraz zdrowy tryb \u017cycia s\u0105 podstaw\u0105 prawid\u0142owego funkcjonowania organizmu.<\/p>\n<p><strong>Spos\u00f3b u\u017cycia:<br \/>\n<\/strong>Spo\u017cywa\u0107 1 kapsu\u0142k\u0119 1 raz dziennie w trakcie posi\u0142ku.<\/p>\n","protected":false},"excerpt":{"rendered":"<p>PRENACAPS to linia suplement\u00f3w diety przeznaczonych dla kobiet staraj\u0105cych si\u0119 o dziecko, b\u0119d\u0105cych w ci\u0105\u017cy oraz karmi\u0105cych piersi\u0105. Produkty wyr\u00f3\u017cnia czysty sk\u0142ad \u2013 bez sztucznych substancji wype\u0142niaj\u0105cych, konserwuj\u0105cych, barwnik\u00f3w i s\u0142odzik\u00f3w.<br \/>\nPRENACAPS FOLATE zawiera 800 \u00b5g biologicznie aktywnej formy kwasu foliowego (Quatrefolic\u00ae) o udowodnionej badaniami wysokiej biodost\u0119pno\u015bci. Dzi\u0119ki ro\u015blinnej kapsu\u0142ce z pullulanu produkt jest odpowiedni dla wegetarianek i weganek.<\/p>\n","protected":false},"featured_media":10827,"comment_status":"open","ping_status":"closed","template":"","meta":{"_et_pb_use_builder":"","_et_pb_old_content":"","_et_gb_content_width":""},"product_brand":[],"product_cat":[119],"product_tag":[122],"class_list":{"0":"post-4605","1":"product","2":"type-product","3":"status-publish","4":"has-post-thumbnail","6":"product_cat-produkt-specjalistyczny","7":"product_tag-formeds","8":"product_shipping_class-suplementy-diety","10":"first","11":"instock","12":"shipping-taxable","13":"purchasable","14":"product-type-simple"},"aioseo_notices":[],"_links":{"self":[{"href":"https:\/\/instytutdietetyki.pl\/sklep\/wp-json\/wp\/v2\/product\/4605","targetHints":{"allow":["GET"]}}],"collection":[{"href":"https:\/\/instytutdietetyki.pl\/sklep\/wp-json\/wp\/v2\/product"}],"about":[{"href":"https:\/\/instytutdietetyki.pl\/sklep\/wp-json\/wp\/v2\/types\/product"}],"replies":[{"embeddable":true,"href":"https:\/\/instytutdietetyki.pl\/sklep\/wp-json\/wp\/v2\/comments?post=4605"}],"wp:featuredmedia":[{"embeddable":true,"href":"https:\/\/instytutdietetyki.pl\/sklep\/wp-json\/wp\/v2\/media\/10827"}],"wp:attachment":[{"href":"https:\/\/instytutdietetyki.pl\/sklep\/wp-json\/wp\/v2\/media?parent=4605"}],"wp:term":[{"taxonomy":"product_brand","embeddable":true,"href":"https:\/\/instytutdietetyki.pl\/sklep\/wp-json\/wp\/v2\/product_brand?post=4605"},{"taxonomy":"product_cat","embeddable":true,"href":"https:\/\/instytutdietetyki.pl\/sklep\/wp-json\/wp\/v2\/product_cat?post=4605"},{"taxonomy":"product_tag","embeddable":true,"href":"https:\/\/instytutdietetyki.pl\/sklep\/wp-json\/wp\/v2\/product_tag?post=4605"}],"curies":[{"name":"wp","href":"https:\/\/api.w.org\/{rel}","templated":true}]}}