{"id":9758,"date":"2020-09-16T14:21:34","date_gmt":"2020-09-16T12:21:34","guid":{"rendered":"https:\/\/instytutdietetyki.pl\/zakupy\/\/?page_id=9758"},"modified":"2020-09-16T14:21:37","modified_gmt":"2020-09-16T12:21:37","slug":"zasady-zwrotow","status":"publish","type":"page","link":"https:\/\/instytutdietetyki.pl\/zakupy\/zasady-zwrotow\/","title":{"rendered":"Zasady zwrot\u00f3w"},"content":{"rendered":"<ol class=\"rich-text block-editor-rich-text__editable\" role=\"textbox\" contenteditable=\"true\" aria-multiline=\"true\" aria-label=\"Wprowad\u017a list\u0119...\">\n<li>Wymiana zakupionego towaru jest mo\u017cliwa wy\u0142\u0105cznie poprzez skorzystanie z procedury zwrotu i z\u0142o\u017cenia oraz op\u0142acenia nowego, niezale\u017cnego zam\u00f3wienia.<\/li>\n<li>Wszelkie reklamacje i zwroty nale\u017cy sk\u0142ada\u0107 poprzez przes\u0142anie wype\u0142nionego formularza poczt\u0105 elektroniczn\u0105 na adres rejestracja@instytutdietetyki.pl lub odes\u0142a\u0107 na adres Instytut Dietetyki i Promocji Zdrowia, ul. Owczarska 9, 43-100 Tychy. Zalecamy wysy\u0142k\u0119 listem poleconym (rejestrowanym). Nie przyjmujemy \u017cadnych przesy\u0142ek odes\u0142anych do nas za pobraniem.<\/li>\n<li>Zwracany towar nie mo\u017ce nosi\u0107 \u015blad\u00f3w u\u017cytkowania, nale\u017cy go odpowiednio zabezpieczy\u0107 i zapakowa\u0107 oraz odes\u0142a\u0107 na adres sklepu: Instytut Dietetyki i Promocji Zdrowia, ul. Owczarska 9, 43-100 Tychy<\/li>\n<li>Zgodnie z art. 34 ust. 4 Ustawy i prawach konsumenta, Konsument ponosi odpowiedzialno\u015b\u0107 za zmniejszenie warto\u015bci rzeczy b\u0119d\u0105ce wynikiem korzystania z niej w spos\u00f3b wykraczaj\u0105cy poza konieczny do stwierdzenia charakteru, cech i funkcjonowania rzeczy.<\/li>\n<li>Koszty wysy\u0142ek ponosi kupuj\u0105cy.<\/li>\n<li>Sprzedawca ustosunkuje si\u0119 do reklamacji lub zwrotu w mo\u017cliwie najkr\u00f3tszym terminie, nie p\u00f3\u017aniej ni\u017c 14 dni kalendarzowych od dnia jej z\u0142o\u017cenia.<\/li>\n<li>Uwaga. Podstaw\u0105 do wszcz\u0119cia procedury reklamacji lub zwrotu jest prawid\u0142owo wype\u0142niony formularz zwrotu. (Do\u0142\u0105czany jest on do ka\u017cdego zam\u00f3wienia wraz z podpi\u0119tym do niego paragonem). Przes\u0142anie innego formularza lub b\u0142\u0119dnie wype\u0142nionego mo\u017ce spowodowa\u0107 op\u00f3\u017anienie w rozpatrzeniu reklamacji.<\/li>\n<li>Zwrot nast\u0105pi w taki sam spos\u00f3b, w jaki zosta\u0142a dokonana wp\u0142ata. . W przypadku zam\u00f3wie\u0144 op\u0142aconych przelewem zwyk\u0142ym zwrot zostanie zrealizowany na podany w formularzu zwrotu numer rachunku bankowego<\/li>\n<li>Czternastodniowy okres na odst\u0105pienie od zakupu nie dotyczy wszystkich rodzaj\u00f3w zakup\u00f3w. Nie s\u0105 nim obj\u0119te mi\u0119dzy innymi:<br data-rich-text-line-break=\"true\" \/>Towary audiowizualne lub oprogramowanie, np. p\u0142yty DVD, kt\u00f3rych opakowanie zosta\u0142o otwarte po zakupie oraz internetowe tre\u015bci cyfrowe, je\u017celi rozpocz\u0105\u0142e\u015b pobieranie lub streaming danych i wyrazi\u0142e\u015b zgod\u0119 na to, \u017ce z chwil\u0105 rozpocz\u0119cia tych czynno\u015bci utracisz prawo do wypowiedzenia umowy.<\/li>\n<li>Pe\u0142en zakres odpowiedzialno\u015bci i obowi\u0105zk\u00f3w Sprzedawcy wzgl\u0119dem Klienta jest okre\u015blony powszechnie obowi\u0105zuj\u0105cymi przepisami prawa, w szczeg\u00f3lno\u015bci w Kodeksie Cywilnym. Dla um\u00f3w sprzeda\u017cy podstawa i zakres odpowiedzialno\u015bci Sprzedawcy wobec Klienta z tytu\u0142u niezgodno\u015bci produktu z umow\u0105 sprzeda\u017cy s\u0105 okre\u015blone powszechnie obowi\u0105zuj\u0105cymi przepisami prawa sprzeda\u017cy konsumenckiej.<\/li>\n<\/ol>\n","protected":false},"excerpt":{"rendered":"<p>Wymiana zakupionego towaru jest mo\u017cliwa wy\u0142\u0105cznie poprzez skorzystanie z procedury zwrotu i z\u0142o\u017cenia oraz op\u0142acenia nowego, niezale\u017cnego zam\u00f3wienia. Wszelkie reklamacje i zwroty nale\u017cy sk\u0142ada\u0107 poprzez przes\u0142anie wype\u0142nionego formularza poczt\u0105 elektroniczn\u0105 na adres rejestracja@instytutdietetyki.pl lub odes\u0142a\u0107 na adres Instytut Dietetyki i Promocji Zdrowia, ul. Owczarska 9, 43-100 Tychy. Zalecamy wysy\u0142k\u0119 listem poleconym (rejestrowanym). Nie przyjmujemy \u017cadnych [&hellip;]<\/p>\n","protected":false},"author":1,"featured_media":0,"parent":0,"menu_order":0,"comment_status":"open","ping_status":"closed","template":"","meta":{"_et_pb_use_builder":"","_et_pb_old_content":"","_et_gb_content_width":"","footnotes":""},"class_list":["post-9758","page","type-page","status-publish","hentry"],"aioseo_notices":[],"_links":{"self":[{"href":"https:\/\/instytutdietetyki.pl\/zakupy\/wp-json\/wp\/v2\/pages\/9758","targetHints":{"allow":["GET"]}}],"collection":[{"href":"https:\/\/instytutdietetyki.pl\/zakupy\/wp-json\/wp\/v2\/pages"}],"about":[{"href":"https:\/\/instytutdietetyki.pl\/zakupy\/wp-json\/wp\/v2\/types\/page"}],"author":[{"embeddable":true,"href":"https:\/\/instytutdietetyki.pl\/zakupy\/wp-json\/wp\/v2\/users\/1"}],"replies":[{"embeddable":true,"href":"https:\/\/instytutdietetyki.pl\/zakupy\/wp-json\/wp\/v2\/comments?post=9758"}],"version-history":[{"count":1,"href":"https:\/\/instytutdietetyki.pl\/zakupy\/wp-json\/wp\/v2\/pages\/9758\/revisions"}],"predecessor-version":[{"id":9761,"href":"https:\/\/instytutdietetyki.pl\/zakupy\/wp-json\/wp\/v2\/pages\/9758\/revisions\/9761"}],"wp:attachment":[{"href":"https:\/\/instytutdietetyki.pl\/zakupy\/wp-json\/wp\/v2\/media?parent=9758"}],"curies":[{"name":"wp","href":"https:\/\/api.w.org\/{rel}","templated":true}]}}