{"id":1287,"date":"2019-08-09T11:31:27","date_gmt":"2019-08-09T09:31:27","guid":{"rendered":"https:\/\/instytutdietetyki.pl\/zakupy\/\/produkt\/wizyta-kontrolna\/"},"modified":"2022-08-05T12:47:02","modified_gmt":"2022-08-05T10:47:02","slug":"wizyta-kontrolna","status":"publish","type":"product","link":"https:\/\/instytutdietetyki.pl\/zakupy\/produkt\/wizyta-kontrolna\/","title":{"rendered":"Wizyta kontrolna"},"content":{"rendered":"<p class=\"has-text-align-center has-black-color has-text-color has-medium-font-size\"><strong>Wizyta kontrolna to przede wszystkim czas dla Ciebie.<\/strong><\/p><p class=\"has-white-color has-text-color has-background\" style=\"background-color:#0067e5;font-size:17px\"><em>Mo\u017cesz podzieli\u0107 si\u0119 z dietetykiem swoimi spostrze\u017ceniami dotycz\u0105cymi diety, w\u0105tpliwo\u015bciami lub po prostu pochwali\u0107 si\u0119 efektami. Dzi\u0119ki konieczno\u015bci przychodzenia na wizyty kontrolne masz ogromn\u0105 motywacj\u0119 do dalszego dzia\u0142ania i stosowania diety.<\/em><\/p><div style=\"height:17px\" aria-hidden=\"true\" class=\"wp-block-spacer\"><\/div><p class=\"has-black-color has-text-color\" style=\"font-size:15px\">Na ka\u017cdej wizycie kontrolnej wykonywana jest analiza sk\u0142adu cia\u0142a, w celu sprawdzenia efekt\u00f3w diety. Wizyty kontrolne powinny si\u0119 odbywa\u0107 nie rzadziej ni\u017c co 2 tygodnie &#8211; zapewnia to optymalne efekty diety. <\/p><p class=\"has-black-color has-text-color\" style=\"font-size:15px\">Trwa ona ok. 15 minut.<\/p><div style=\"height:22px\" aria-hidden=\"true\" class=\"wp-block-spacer\"><\/div><h2 class=\"has-text-align-center has-black-color has-text-color wp-block-heading\" style=\"font-size:30px\">NASI DIETETYCY<\/h2><div style=\"height:22px\" aria-hidden=\"true\" class=\"wp-block-spacer\"><\/div><div style=\"height:22px\" aria-hidden=\"true\" class=\"wp-block-spacer\"><\/div><div class=\"wp-block-columns is-layout-flex wp-container-core-columns-is-layout-1 wp-block-columns-is-layout-flex\"><div class=\"wp-block-column is-layout-flow wp-block-column-is-layout-flow\"><figure class=\"wp-block-image size-full\"><img loading=\"lazy\" decoding=\"async\" width=\"300\" height=\"300\" src=\"https:\/\/instytutdietetyki.pl\/zakupy\/wp-content\/uploads\/2019\/08\/1-2.png\" alt=\"\" class=\"wp-image-22575\" srcset=\"https:\/\/instytutdietetyki.pl\/zakupy\/wp-content\/uploads\/2019\/08\/1-2.png 300w, https:\/\/instytutdietetyki.pl\/zakupy\/wp-content\/uploads\/2019\/08\/1-2-150x150.png 150w, https:\/\/instytutdietetyki.pl\/zakupy\/wp-content\/uploads\/2019\/08\/1-2-100x100.png 100w, https:\/\/instytutdietetyki.pl\/zakupy\/wp-content\/uploads\/2019\/08\/1-2-64x64.png 64w\" sizes=\"(max-width: 300px) 100vw, 300px\" \/><\/figure><\/div>\n\n<div class=\"wp-block-column is-layout-flow wp-block-column-is-layout-flow\"><figure class=\"wp-block-image size-full\"><img loading=\"lazy\" decoding=\"async\" width=\"300\" height=\"300\" src=\"https:\/\/instytutdietetyki.pl\/zakupy\/wp-content\/uploads\/2019\/08\/2-4.png\" alt=\"\" class=\"wp-image-22576\" srcset=\"https:\/\/instytutdietetyki.pl\/zakupy\/wp-content\/uploads\/2019\/08\/2-4.png 300w, https:\/\/instytutdietetyki.pl\/zakupy\/wp-content\/uploads\/2019\/08\/2-4-150x150.png 150w, https:\/\/instytutdietetyki.pl\/zakupy\/wp-content\/uploads\/2019\/08\/2-4-100x100.png 100w, https:\/\/instytutdietetyki.pl\/zakupy\/wp-content\/uploads\/2019\/08\/2-4-64x64.png 64w\" sizes=\"(max-width: 300px) 100vw, 300px\" \/><\/figure><\/div>\n\n<div class=\"wp-block-column is-layout-flow wp-block-column-is-layout-flow\"><figure class=\"wp-block-image size-full\"><img loading=\"lazy\" decoding=\"async\" width=\"300\" height=\"300\" src=\"https:\/\/instytutdietetyki.pl\/zakupy\/wp-content\/uploads\/2019\/08\/3-3.png\" alt=\"\" class=\"wp-image-22577\" srcset=\"https:\/\/instytutdietetyki.pl\/zakupy\/wp-content\/uploads\/2019\/08\/3-3.png 300w, https:\/\/instytutdietetyki.pl\/zakupy\/wp-content\/uploads\/2019\/08\/3-3-150x150.png 150w, https:\/\/instytutdietetyki.pl\/zakupy\/wp-content\/uploads\/2019\/08\/3-3-100x100.png 100w, https:\/\/instytutdietetyki.pl\/zakupy\/wp-content\/uploads\/2019\/08\/3-3-64x64.png 64w\" sizes=\"(max-width: 300px) 100vw, 300px\" \/><\/figure><\/div><\/div>","protected":false},"excerpt":{"rendered":"<p>Wizyta kontrolna to przede wszystkim czas dla Ciebie. Mo\u017cesz podzieli\u0107 si\u0119 z dietetykiem swoimi spostrze\u017ceniami dotycz\u0105cymi diety, w\u0105tpliwo\u015bciami lub po prostu pochwali\u0107 si\u0119 efektami. Dzi\u0119ki konieczno\u015bci przychodzenia na wizyty kontrolne masz ogromn\u0105 motywacj\u0119 do dalszego dzia\u0142ania i stosowania diety. Na ka\u017cdej wizycie kontrolnej wykonywana jest analiza sk\u0142adu cia\u0142a, w celu sprawdzenia efekt\u00f3w diety. Wizyty kontrolne [&hellip;]<\/p>\n","protected":false},"featured_media":22491,"comment_status":"open","ping_status":"closed","template":"","meta":{"_et_pb_use_builder":"","_et_pb_old_content":"","_et_gb_content_width":""},"product_brand":[],"product_cat":[132],"product_tag":[],"class_list":{"0":"post-1287","1":"product","2":"type-product","3":"status-publish","4":"has-post-thumbnail","6":"product_shipping_class-pozostale-produkty","7":"product_cat-konsultacje-dietetyczne","9":"first","10":"instock","11":"shipping-taxable","12":"purchasable","13":"product-type-variable"},"aioseo_notices":[],"_links":{"self":[{"href":"https:\/\/instytutdietetyki.pl\/zakupy\/wp-json\/wp\/v2\/product\/1287","targetHints":{"allow":["GET"]}}],"collection":[{"href":"https:\/\/instytutdietetyki.pl\/zakupy\/wp-json\/wp\/v2\/product"}],"about":[{"href":"https:\/\/instytutdietetyki.pl\/zakupy\/wp-json\/wp\/v2\/types\/product"}],"replies":[{"embeddable":true,"href":"https:\/\/instytutdietetyki.pl\/zakupy\/wp-json\/wp\/v2\/comments?post=1287"}],"wp:featuredmedia":[{"embeddable":true,"href":"https:\/\/instytutdietetyki.pl\/zakupy\/wp-json\/wp\/v2\/media\/22491"}],"wp:attachment":[{"href":"https:\/\/instytutdietetyki.pl\/zakupy\/wp-json\/wp\/v2\/media?parent=1287"}],"wp:term":[{"taxonomy":"product_brand","embeddable":true,"href":"https:\/\/instytutdietetyki.pl\/zakupy\/wp-json\/wp\/v2\/product_brand?post=1287"},{"taxonomy":"product_cat","embeddable":true,"href":"https:\/\/instytutdietetyki.pl\/zakupy\/wp-json\/wp\/v2\/product_cat?post=1287"},{"taxonomy":"product_tag","embeddable":true,"href":"https:\/\/instytutdietetyki.pl\/zakupy\/wp-json\/wp\/v2\/product_tag?post=1287"}],"curies":[{"name":"wp","href":"https:\/\/api.w.org\/{rel}","templated":true}]}}