{"id":22450,"date":"2022-07-08T15:40:35","date_gmt":"2022-07-08T13:40:35","guid":{"rendered":"https:\/\/instytutdietetyki.pl\/zakupy\/?post_type=product&#038;p=22450"},"modified":"2024-01-31T16:02:26","modified_gmt":"2024-01-31T15:02:26","slug":"valida-mikroflora-jelitowa-plus","status":"publish","type":"product","link":"https:\/\/instytutdietetyki.pl\/zakupy\/produkt\/valida-mikroflora-jelitowa-plus\/","title":{"rendered":"Valida &#8211; Mikroflora Jelitowa Plus"},"content":{"rendered":"<figure class=\"wp-block-gallery has-nested-images columns-4 is-cropped wp-block-gallery-1 is-layout-flex wp-block-gallery-is-layout-flex\"><figure class=\"wp-block-image size-large\"><img loading=\"lazy\" decoding=\"async\" width=\"200\" height=\"200\" data-id=\"21645\" src=\"https:\/\/instytutdietetyki.pl\/zakupy\/wp-content\/uploads\/2022\/02\/1.png\" alt=\"\" class=\"wp-image-21645\" srcset=\"https:\/\/instytutdietetyki.pl\/zakupy\/wp-content\/uploads\/2022\/02\/1.png 200w, https:\/\/instytutdietetyki.pl\/zakupy\/wp-content\/uploads\/2022\/02\/1-150x150.png 150w, https:\/\/instytutdietetyki.pl\/zakupy\/wp-content\/uploads\/2022\/02\/1-100x100.png 100w, https:\/\/instytutdietetyki.pl\/zakupy\/wp-content\/uploads\/2022\/02\/1-64x64.png 64w\" sizes=\"(max-width: 200px) 100vw, 200px\" \/><\/figure>\n\n<figure class=\"wp-block-image size-large\"><img loading=\"lazy\" decoding=\"async\" width=\"200\" height=\"200\" data-id=\"21647\" src=\"https:\/\/instytutdietetyki.pl\/zakupy\/wp-content\/uploads\/2022\/02\/2-1.png\" alt=\"\" class=\"wp-image-21647\" srcset=\"https:\/\/instytutdietetyki.pl\/zakupy\/wp-content\/uploads\/2022\/02\/2-1.png 200w, https:\/\/instytutdietetyki.pl\/zakupy\/wp-content\/uploads\/2022\/02\/2-1-150x150.png 150w, https:\/\/instytutdietetyki.pl\/zakupy\/wp-content\/uploads\/2022\/02\/2-1-100x100.png 100w, https:\/\/instytutdietetyki.pl\/zakupy\/wp-content\/uploads\/2022\/02\/2-1-64x64.png 64w\" sizes=\"(max-width: 200px) 100vw, 200px\" \/><\/figure>\n\n<figure class=\"wp-block-image size-large\"><img loading=\"lazy\" decoding=\"async\" width=\"200\" height=\"200\" data-id=\"21649\" src=\"https:\/\/instytutdietetyki.pl\/zakupy\/wp-content\/uploads\/2022\/02\/3.png\" alt=\"\" class=\"wp-image-21649\" srcset=\"https:\/\/instytutdietetyki.pl\/zakupy\/wp-content\/uploads\/2022\/02\/3.png 200w, https:\/\/instytutdietetyki.pl\/zakupy\/wp-content\/uploads\/2022\/02\/3-150x150.png 150w, https:\/\/instytutdietetyki.pl\/zakupy\/wp-content\/uploads\/2022\/02\/3-100x100.png 100w, https:\/\/instytutdietetyki.pl\/zakupy\/wp-content\/uploads\/2022\/02\/3-64x64.png 64w\" sizes=\"(max-width: 200px) 100vw, 200px\" \/><\/figure>\n\n<figure class=\"wp-block-image size-large\"><img loading=\"lazy\" decoding=\"async\" width=\"200\" height=\"200\" data-id=\"21650\" src=\"https:\/\/instytutdietetyki.pl\/zakupy\/wp-content\/uploads\/2022\/02\/4.png\" alt=\"\" class=\"wp-image-21650\" srcset=\"https:\/\/instytutdietetyki.pl\/zakupy\/wp-content\/uploads\/2022\/02\/4.png 200w, https:\/\/instytutdietetyki.pl\/zakupy\/wp-content\/uploads\/2022\/02\/4-150x150.png 150w, https:\/\/instytutdietetyki.pl\/zakupy\/wp-content\/uploads\/2022\/02\/4-100x100.png 100w, https:\/\/instytutdietetyki.pl\/zakupy\/wp-content\/uploads\/2022\/02\/4-64x64.png 64w\" sizes=\"(max-width: 200px) 100vw, 200px\" \/><\/figure><\/figure><div style=\"height:26px\" aria-hidden=\"true\" class=\"wp-block-spacer\"><\/div><h4 class=\"wp-block-heading\"><strong><mark style=\"background-color:rgba(0, 0, 0, 0)\" class=\"has-inline-color has-black-color\">LABORATORYJNE, WYSY\u0141KOWE BADANIE MIKROBIOTY JELITOWEJ <\/mark><\/strong><\/h4><h4 class=\"wp-block-heading\"><mark style=\"background-color:rgba(0, 0, 0, 0)\" class=\"has-inline-color has-black-color\"><strong>Badanie mikroflory jelitowej (bakterie, kandydoza &#8211; grzybica jelit), kalprotektyny oraz paso\u017cyt\u00f3w z ka\u0142u.<\/strong><\/mark><\/h4><ul class=\"has-black-color has-text-color wp-block-list\"><li>Szczeg\u00f3\u0142owa diagnostyka mikrobioty jelitowej,<\/li><li>Badanie laboratoryjne bez wychodzenia z domu,<\/li><li>Wynik obejmuje interpretacje i zalecenia terapeutyczne (zobacz przyk\u0142adowy wynik badania),<\/li><li>Zestaw pobraniowy i koszty przesy\u0142ki wliczone w cen\u0119.<\/li><\/ul><h3 class=\"has-black-color has-text-color wp-block-heading\">Co zyskasz dzi\u0119ki badaniu mikroflory?<\/h3><p><mark style=\"background-color:rgba(0, 0, 0, 0);color:#000000\" class=\"has-inline-color\"><strong>Badanie Valida \u2013 Mikroflora jelitowa plus <\/strong>pozwala oceni\u0107 ilo\u015bciowo i jako\u015bciowo szczepy bakterii oraz grzyb\u00f3w zawartych w przewodzie pokarmowym badanego.<\/mark> <mark style=\"background-color:rgba(0, 0, 0, 0)\" class=\"has-inline-color has-black-color\">Badanie poszerzone o paso\u017cyty oraz kalprotektyn\u0119.<\/mark><\/p><p><mark style=\"background-color:rgba(0, 0, 0, 0);color:#000000\" class=\"has-inline-color\">Wynik sk\u0142adu mikroflory jelitowej pozwoli dobra\u0107 odpowiedni\u0105 probiotykoterapi\u0119 oraz wyeliminowa\u0107 wiele dolegliwo\u015bci nie tylko jelitowych.<\/mark><\/p><hr class=\"wp-block-separator has-alpha-channel-opacity is-style-dots\"\/><div class=\"wp-block-columns is-layout-flex wp-container-core-columns-is-layout-1 wp-block-columns-is-layout-flex\"><div class=\"wp-block-column is-layout-flow wp-block-column-is-layout-flow\"><div class=\"wp-block-buttons is-content-justification-center is-layout-flex wp-container-core-buttons-is-layout-1 wp-block-buttons-is-layout-flex\"><div class=\"wp-block-button is-style-outline is-style-outline--2\"><a class=\"wp-block-button__link has-vivid-cyan-blue-color has-text-color\" href=\"https:\/\/instytutdietetyki.pl\/zakupy\/wp-content\/uploads\/2022\/07\/Specyfikacja-mIkroflora-Jelitowa-PLUS.pdf\" style=\"border-radius:0px\" target=\"_blank\" rel=\"noreferrer noopener\"><strong><mark style=\"background-color:rgba(0, 0, 0, 0)\" class=\"has-inline-color has-vivid-cyan-blue-color\">ZAKRES I METODYKA BADANIA<\/mark><\/strong><\/a><\/div><\/div><\/div>\n\n<div class=\"wp-block-column is-layout-flow wp-block-column-is-layout-flow\"><div class=\"wp-block-buttons is-layout-flex wp-block-buttons-is-layout-flex\"><div class=\"wp-block-button is-style-outline is-style-outline--3\"><a class=\"wp-block-button__link has-vivid-cyan-blue-color has-text-color\" href=\"https:\/\/instytutdietetyki.pl\/zakupy\/wp-content\/uploads\/2022\/07\/Jak-przygotowac-sie-do-badania-Mikroflora-jelitowa-Plus.pdf\" style=\"border-radius:0px\" target=\"_blank\" rel=\"noreferrer noopener\"><strong>JAK WYKONA\u0106 BADANIE?<\/strong><\/a><\/div><\/div><\/div><\/div><h4 class=\"has-black-color has-text-color wp-block-heading\"><strong>Kiedy warto wykona\u0107 badania mikroflory jelitowej?&nbsp;<\/strong><\/h4><p class=\"has-black-color has-text-color\">&#8211; Po antybiotykoterapiach, sterydoterapiach, d\u0142ugotrwa\u0142ym leczeniu hormonalnym lub onkologicznym&nbsp;<\/p><p class=\"has-black-color has-text-color\">&#8211; W chorobach: Le\u015bniowskiego \u2013 Crohna, wrzodziej\u0105cym zapaleniu jelita grubego, zespole jelita dra\u017cliwego<\/p><p class=\"has-black-color has-text-color\">&#8211; W dolegliwo\u015bciach przewodu pokarmowego: b\u00f3le brzucha, wzd\u0119cia, biegunki, zaparcia, zgaga.&nbsp;<\/p><p><strong><mark style=\"background-color:rgba(0, 0, 0, 0)\" class=\"has-inline-color has-black-color\">Poni\u017csze problemy zdrowotne mog\u0105 by\u0107 wynikiem nieprawid\u0142owej mikrobioty jelitowej:<\/mark><\/strong><\/p><div class=\"wp-block-columns is-layout-flex wp-container-core-columns-is-layout-2 wp-block-columns-is-layout-flex\"><div class=\"wp-block-column has-black-color has-text-color is-layout-flow wp-block-column-is-layout-flow\"><p>&#8211; Alergie, pokrzywki, egzemy,<\/p>\n\n<p>&#8211; AZS, nietolerancje pokarmowe.&nbsp;<\/p>\n\n<p>&#8211; Cz\u0119ste infekcje dolnych i g\u00f3rnych dr\u00f3g oddechowych, dr\u00f3g moczowo-p\u0142ciowych i innych wirusowych i bakteryjnych.&nbsp;<\/p>\n\n<p>&#8211; Nadpobudliwo\u015b\u0107, ADHD, autyzm.&nbsp;<\/p>\n\n<p>&#8211; Nadwaga lub oty\u0142o\u015b\u0107.&nbsp;<\/p><\/div>\n\n<div class=\"wp-block-column has-black-color has-text-color is-layout-flow wp-block-column-is-layout-flow\"><p>&#8211; Problemy z utrzymaniem prawid\u0142owej masy cia\u0142a<\/p>\n\n<p>&#8211; Nadmierne \u0142aknienie s\u0142odyczy<\/p>\n\n<p>&#8211; Problemy z redukcj\u0105 masy cia\u0142a<\/p>\n\n<p>&#8211; Chroniczne zm\u0119czenie.&nbsp;<\/p>\n\n<p>&#8211; Obni\u017cony nastr\u00f3j, depresja, nerwica czy inne zaburzenia emocjonalne.&nbsp;<\/p><\/div><\/div><figure class=\"wp-block-table is-style-stripes\"><table class=\"has-fixed-layout\"><tbody><tr><td class=\"has-text-align-center\" data-align=\"center\"><\/td><td class=\"has-text-align-center\" data-align=\"center\"><strong><mark style=\"background-color:rgba(0, 0, 0, 0);color:#000000\" class=\"has-inline-color\"><a href=\"https:\/\/instytutdietetyki.pl\/zakupy\/produkt\/valida-mikroflora-jelitowa\/\">Valida &#8211; Mikroflora jelitowa<\/a><\/mark><\/strong><\/td><td class=\"has-text-align-center\" data-align=\"center\"><strong><mark style=\"background-color:rgba(0, 0, 0, 0);color:#000000\" class=\"has-inline-color\">Valida &#8211; Mikroflora Jelitowa PLUS<\/mark><\/strong><\/td><\/tr><tr><td class=\"has-text-align-center\" data-align=\"center\"><span style=\"color:#000000\" class=\"has-inline-color\">Szczepy bakteryjne (min. 19 rodzaj\u00f3w) <sub>(1)<\/sub><\/span><\/td><td class=\"has-text-align-center\" data-align=\"center\"><span style=\"color:#000000\" class=\"has-inline-color\">+<\/span><\/td><td class=\"has-text-align-center\" data-align=\"center\"><span style=\"color:#000000\" class=\"has-inline-color\">+<\/span><\/td><\/tr><tr><td class=\"has-text-align-center\" data-align=\"center\"><span style=\"color:#000000\" class=\"has-inline-color\">Grzyby dro\u017cd\u017copodobne<\/span> <sub><span style=\"color:#000000\" class=\"has-inline-color\">(2)<\/span><\/sub><\/td><td class=\"has-text-align-center\" data-align=\"center\"><span style=\"color:#000000\" class=\"has-inline-color\">+<\/span><\/td><td class=\"has-text-align-center\" data-align=\"center\"><span style=\"color:#000000\" class=\"has-inline-color\">+<\/span><\/td><\/tr><tr><td class=\"has-text-align-center\" data-align=\"center\"><span style=\"color:#000000\" class=\"has-inline-color\">Bakterie uszczelniaj\u0105ce nab\u0142onek jelita <sub>(3)<\/sub><\/span><\/td><td class=\"has-text-align-center\" data-align=\"center\"><\/td><td class=\"has-text-align-center\" data-align=\"center\"><span style=\"color:#000000\" class=\"has-inline-color\">+<\/span><\/td><\/tr><tr><td class=\"has-text-align-center\" data-align=\"center\"><span style=\"color:#000000\" class=\"has-inline-color\">Paso\u017cyty w kale <sub>(4)<\/sub><\/span><\/td><td class=\"has-text-align-center\" data-align=\"center\"><\/td><td class=\"has-text-align-center\" data-align=\"center\"><span style=\"color:#000000\" class=\"has-inline-color\">+<\/span><\/td><\/tr><tr><td class=\"has-text-align-center\" data-align=\"center\"><mark style=\"background-color:rgba(0, 0, 0, 0);color:#000000\" class=\"has-inline-color\"><a href=\"https:\/\/instytutdietetyki.pl\/zakupy\/produkt\/kalprotektyna\/\">Kalprotektyna<\/a><\/mark><\/td><td class=\"has-text-align-center\" data-align=\"center\"><\/td><td class=\"has-text-align-center\" data-align=\"center\"><span style=\"color:#000000\" class=\"has-inline-color\">+<\/span><\/td><\/tr><\/tbody><\/table><\/figure><p><mark style=\"background-color:rgba(0, 0, 0, 0);color:#000000\" class=\"has-inline-color\">(1) Z rodzaju: Lactobacillus (w tym Lactobacillus H2O2), Bifidobacterium, Bacteroides, Streptococcus, Enterococcus (w tym E. faecalis\/faecium), Staphylococcus, Enterobacteriacea (w tym: E. coli, Proteus spp., Klebsiella spp., Citrobacter spp., Serratia spp., Morganella spp.), Pseudomonas, potencjalnie chorobotw\u00f3rcze (Escherichia coli Biovare, Salmonella spp., Shigella spp., Yersinia spp., Aeromonas spp., Hafnia alvei, Providencia spp., Clostridium spp. (w tym Clostridium difficalle), Campylobacter spp., Bacillus spp.<\/mark><\/p><p><mark style=\"background-color:rgba(0, 0, 0, 0);color:#000000\" class=\"has-inline-color\">(2) Candida albicans, Candida non-albicans, grzyby ple\u015bniowe,<\/mark><\/p><p><mark style=\"background-color:rgba(0, 0, 0, 0);color:#000000\" class=\"has-inline-color\">(3) Akkermansja muciniphila, Faecalibacterium prausnitzii,<\/mark><\/p><p><mark style=\"background-color:rgba(0, 0, 0, 0);color:#000000\" class=\"has-inline-color\">(4) Gardia lamblia, Cryptosporidium spp., Entamoeba histolityca, Taenia spp. (tasiemiec), Ascaris lumbricoides (glista ludzka), Strongyloides stercotalis (w\u0119gorek jelitowy), inne. <\/mark><\/p><hr class=\"wp-block-separator has-css-opacity is-style-dots\"\/><div class=\"wp-block-columns is-layout-flex wp-container-core-columns-is-layout-3 wp-block-columns-is-layout-flex\"><div class=\"wp-block-column is-layout-flow wp-block-column-is-layout-flow\" style=\"flex-basis:100%\"><div class=\"wp-block-buttons is-content-justification-center is-layout-flex wp-container-core-buttons-is-layout-3 wp-block-buttons-is-layout-flex\"><div class=\"wp-block-button is-style-outline is-style-outline--4\"><a class=\"wp-block-button__link has-vivid-cyan-blue-color has-white-background-color has-text-color has-background\" href=\"https:\/\/instytutdietetyki.pl\/wp-content\/uploads\/2019\/06\/Przyklad-wynik-Valida-Mikroflora-jelitowa-1-j99ugll8.pdf\" style=\"border-radius:5px\" target=\"_blank\" rel=\"noreferrer noopener\"><strong><mark style=\"background-color:rgba(0, 0, 0, 0)\" class=\"has-inline-color has-vivid-cyan-blue-color\">PRZYK\u0141ADOWY WYNIK<\/mark><\/strong><\/a><\/div>\n\n<div class=\"wp-block-button is-style-outline is-style-outline--5\"><a class=\"wp-block-button__link has-vivid-cyan-blue-color has-white-background-color has-text-color has-background\" href=\"https:\/\/instytutdietetyki.pl\/zakupy\/wp-content\/uploads\/2022\/02\/czynniki-powodujace-dysbioze-jelitowa.png\" style=\"border-radius:5px\" target=\"_blank\" rel=\"noreferrer noopener\"><strong><mark style=\"background-color:rgba(0, 0, 0, 0)\" class=\"has-inline-color has-vivid-cyan-blue-color\">PRZYCZYNY DYSBIOZY<\/mark><\/strong><\/a><\/div>\n\n<div class=\"wp-block-button is-style-outline is-style-outline--6\"><a class=\"wp-block-button__link has-vivid-cyan-blue-color has-white-background-color has-text-color has-background\" href=\"https:\/\/instytutdietetyki.pl\/zakupy\/wp-content\/uploads\/2022\/07\/Gwarancja-Jakosci.pdf\" style=\"border-radius:5px\" target=\"_blank\" rel=\"noreferrer noopener\"><strong>GWARANCJA JAKO\u015aCI<\/strong><\/a><\/div><\/div><\/div><\/div><p><\/p>","protected":false},"excerpt":{"rendered":"<div class=\"su-heading su-heading-style-default su-heading-align-center\" id=\"\" style=\"font-size:17px;margin-bottom:20px\"><div class=\"su-heading-inner\"> Laboratoryjne badanie mikroflory jelitowej (bakterie, kandydoza &#8211; grzybica jelit), kalprotektyny oraz paso\u017cyt\u00f3w z ka\u0142u. <\/div><\/div>\n","protected":false},"featured_media":30000,"comment_status":"open","ping_status":"closed","template":"","meta":{"_et_pb_use_builder":"","_et_pb_old_content":"","_et_gb_content_width":""},"product_brand":[],"product_cat":[48],"product_tag":[],"class_list":{"0":"post-22450","1":"product","2":"type-product","3":"status-publish","4":"has-post-thumbnail","6":"product_shipping_class-pozostale-produkty","7":"product_cat-badania-mikroflory-jelitowej","9":"first","10":"instock","11":"shipping-taxable","12":"purchasable","13":"product-type-simple"},"aioseo_notices":[],"_links":{"self":[{"href":"https:\/\/instytutdietetyki.pl\/zakupy\/wp-json\/wp\/v2\/product\/22450","targetHints":{"allow":["GET"]}}],"collection":[{"href":"https:\/\/instytutdietetyki.pl\/zakupy\/wp-json\/wp\/v2\/product"}],"about":[{"href":"https:\/\/instytutdietetyki.pl\/zakupy\/wp-json\/wp\/v2\/types\/product"}],"replies":[{"embeddable":true,"href":"https:\/\/instytutdietetyki.pl\/zakupy\/wp-json\/wp\/v2\/comments?post=22450"}],"wp:featuredmedia":[{"embeddable":true,"href":"https:\/\/instytutdietetyki.pl\/zakupy\/wp-json\/wp\/v2\/media\/30000"}],"wp:attachment":[{"href":"https:\/\/instytutdietetyki.pl\/zakupy\/wp-json\/wp\/v2\/media?parent=22450"}],"wp:term":[{"taxonomy":"product_brand","embeddable":true,"href":"https:\/\/instytutdietetyki.pl\/zakupy\/wp-json\/wp\/v2\/product_brand?post=22450"},{"taxonomy":"product_cat","embeddable":true,"href":"https:\/\/instytutdietetyki.pl\/zakupy\/wp-json\/wp\/v2\/product_cat?post=22450"},{"taxonomy":"product_tag","embeddable":true,"href":"https:\/\/instytutdietetyki.pl\/zakupy\/wp-json\/wp\/v2\/product_tag?post=22450"}],"curies":[{"name":"wp","href":"https:\/\/api.w.org\/{rel}","templated":true}]}}