{"id":22466,"date":"2022-07-11T12:38:06","date_gmt":"2022-07-11T10:38:06","guid":{"rendered":"https:\/\/instytutdietetyki.pl\/zakupy\/?post_type=product&#038;p=22466"},"modified":"2024-01-31T16:02:15","modified_gmt":"2024-01-31T15:02:15","slug":"valida-bilans-jelitowy-plus-2","status":"publish","type":"product","link":"https:\/\/instytutdietetyki.pl\/zakupy\/produkt\/valida-bilans-jelitowy-plus-2\/","title":{"rendered":"Valida &#8211; Bilans Jelitowy Plus"},"content":{"rendered":"<figure class=\"wp-block-gallery has-nested-images columns-4 is-cropped wp-block-gallery-1 is-layout-flex wp-block-gallery-is-layout-flex\"><figure class=\"wp-block-image size-large\"><img loading=\"lazy\" decoding=\"async\" width=\"200\" height=\"200\" data-id=\"21645\" src=\"https:\/\/instytutdietetyki.pl\/zakupy\/wp-content\/uploads\/2022\/02\/1.png\" alt=\"\" class=\"wp-image-21645\" srcset=\"https:\/\/instytutdietetyki.pl\/zakupy\/wp-content\/uploads\/2022\/02\/1.png 200w, https:\/\/instytutdietetyki.pl\/zakupy\/wp-content\/uploads\/2022\/02\/1-150x150.png 150w, https:\/\/instytutdietetyki.pl\/zakupy\/wp-content\/uploads\/2022\/02\/1-100x100.png 100w, https:\/\/instytutdietetyki.pl\/zakupy\/wp-content\/uploads\/2022\/02\/1-64x64.png 64w\" sizes=\"(max-width: 200px) 100vw, 200px\" \/><\/figure>\n\n<figure class=\"wp-block-image size-large\"><img loading=\"lazy\" decoding=\"async\" width=\"200\" height=\"200\" data-id=\"21647\" src=\"https:\/\/instytutdietetyki.pl\/zakupy\/wp-content\/uploads\/2022\/02\/2-1.png\" alt=\"\" class=\"wp-image-21647\" srcset=\"https:\/\/instytutdietetyki.pl\/zakupy\/wp-content\/uploads\/2022\/02\/2-1.png 200w, https:\/\/instytutdietetyki.pl\/zakupy\/wp-content\/uploads\/2022\/02\/2-1-150x150.png 150w, https:\/\/instytutdietetyki.pl\/zakupy\/wp-content\/uploads\/2022\/02\/2-1-100x100.png 100w, https:\/\/instytutdietetyki.pl\/zakupy\/wp-content\/uploads\/2022\/02\/2-1-64x64.png 64w\" sizes=\"(max-width: 200px) 100vw, 200px\" \/><\/figure>\n\n<figure class=\"wp-block-image size-large\"><img loading=\"lazy\" decoding=\"async\" width=\"200\" height=\"200\" data-id=\"21649\" src=\"https:\/\/instytutdietetyki.pl\/zakupy\/wp-content\/uploads\/2022\/02\/3.png\" alt=\"\" class=\"wp-image-21649\" srcset=\"https:\/\/instytutdietetyki.pl\/zakupy\/wp-content\/uploads\/2022\/02\/3.png 200w, https:\/\/instytutdietetyki.pl\/zakupy\/wp-content\/uploads\/2022\/02\/3-150x150.png 150w, https:\/\/instytutdietetyki.pl\/zakupy\/wp-content\/uploads\/2022\/02\/3-100x100.png 100w, https:\/\/instytutdietetyki.pl\/zakupy\/wp-content\/uploads\/2022\/02\/3-64x64.png 64w\" sizes=\"(max-width: 200px) 100vw, 200px\" \/><\/figure>\n\n<figure class=\"wp-block-image size-large\"><img loading=\"lazy\" decoding=\"async\" width=\"200\" height=\"200\" data-id=\"21650\" src=\"https:\/\/instytutdietetyki.pl\/zakupy\/wp-content\/uploads\/2022\/02\/4.png\" alt=\"\" class=\"wp-image-21650\" srcset=\"https:\/\/instytutdietetyki.pl\/zakupy\/wp-content\/uploads\/2022\/02\/4.png 200w, https:\/\/instytutdietetyki.pl\/zakupy\/wp-content\/uploads\/2022\/02\/4-150x150.png 150w, https:\/\/instytutdietetyki.pl\/zakupy\/wp-content\/uploads\/2022\/02\/4-100x100.png 100w, https:\/\/instytutdietetyki.pl\/zakupy\/wp-content\/uploads\/2022\/02\/4-64x64.png 64w\" sizes=\"(max-width: 200px) 100vw, 200px\" \/><\/figure><\/figure><div style=\"height:19px\" aria-hidden=\"true\" class=\"wp-block-spacer\"><\/div><h4 class=\"wp-block-heading\"><strong><mark style=\"background-color:rgba(0, 0, 0, 0)\" class=\"has-inline-color has-black-color\">LABORATORYJNE, WYSY\u0141KOWE BADANIE BILANSU JELITOWEGO <\/mark><\/strong><\/h4><h5 class=\"wp-block-heading\"><mark style=\"background-color:rgba(0, 0, 0, 0)\" class=\"has-inline-color has-black-color\"><strong>Pakiet bada\u0144: Mikroflora jelitowa (bakterie, kandydoza), kalprotektyna, zonulina, beta defensyna 2, wydzielnicze IgA, paso\u017cyty z ka\u0142u<\/strong><\/mark>.<\/h5><ul class=\"has-black-color has-text-color wp-block-list\"><li>Szczeg\u00f3\u0142owa diagnostyka mikrobioty jelitowej,<\/li><li>Badanie laboratoryjne bez wychodzenia z domu,<\/li><li>Wynik obejmuje interpretacje i zalecenia terapeutyczne (zobacz przyk\u0142adowy wynik badania),<\/li><li>Zestaw pobraniowy i koszty przesy\u0142ki wliczone w cen\u0119.<\/li><\/ul><p class=\"has-black-color has-text-color\"><mark style=\"background-color:rgba(0, 0, 0, 0)\" class=\"has-inline-color has-black-color\"><strong>Badanie Valida \u2013 Bilans jelitowy Plus <\/strong>\u2013 sk\u0142ada si\u0119 z badania: mikroflory jelitowej oraz marker\u00f3w zapalnych jakich jak: <\/mark>kalprotektyna, zonulina, beta defensyna 2, wydzielnicze IgA, paso\u017cyty z ka\u0142u<mark style=\"background-color:rgba(0, 0, 0, 0)\" class=\"has-inline-color has-black-color\"> <\/mark>Dodatkowo w bilansie jelitowym PLUS badana jest obecno\u015b\u0107 paso\u017cyt\u00f3w.<\/p><p><mark style=\"background-color:rgba(0, 0, 0, 0)\" class=\"has-inline-color has-black-color\">Dzi\u0119ki tym badaniom mo\u017cemy kompleksowo oceni\u0107 stan jelit, ich szczelno\u015b\u0107 bariery jelitowej oraz zdiagnozowa\u0107 stany zapalne. Pozwoli na dobranie odpowiedniego leczenia i probiotykoterapii.<\/mark><\/p><div class=\"wp-block-columns is-layout-flex wp-container-core-columns-is-layout-1 wp-block-columns-is-layout-flex\"><div class=\"wp-block-column is-layout-flow wp-block-column-is-layout-flow\"><div class=\"wp-block-buttons is-content-justification-center is-layout-flex wp-container-core-buttons-is-layout-1 wp-block-buttons-is-layout-flex\"><div class=\"wp-block-button is-style-outline is-style-outline--2\"><a class=\"wp-block-button__link has-vivid-cyan-blue-color has-text-color\" href=\"https:\/\/instytutdietetyki.pl\/zakupy\/wp-content\/uploads\/2022\/07\/Specyfikacja-Bilans-Jelitowy-Plus.pdf\" style=\"border-radius:0px\" target=\"_blank\" rel=\"noreferrer noopener\"><strong><mark style=\"background-color:rgba(0, 0, 0, 0)\" class=\"has-inline-color has-vivid-cyan-blue-color\">ZAKRES I METODYKA BADANIA<\/mark><\/strong><\/a><\/div><\/div><\/div>\n\n<div class=\"wp-block-column is-layout-flow wp-block-column-is-layout-flow\"><div class=\"wp-block-buttons is-layout-flex wp-block-buttons-is-layout-flex\"><div class=\"wp-block-button is-style-outline is-style-outline--3\"><a class=\"wp-block-button__link has-vivid-cyan-blue-color has-text-color\" href=\"https:\/\/instytutdietetyki.pl\/zakupy\/wp-content\/uploads\/2022\/07\/Jak-przygotowac-sie-do-badania-Bilans-Jelitowy-Plus.pdf\" style=\"border-radius:0px\" target=\"_blank\" rel=\"noreferrer noopener\"><strong>JAK WYKONA\u0106 BADANIE?<\/strong><\/a><\/div><\/div><\/div><\/div><h4 class=\"has-black-color has-text-color wp-block-heading\"><strong>Kiedy warto wykona\u0107 badania mikroflory jelitowej?&nbsp;<\/strong><\/h4><p class=\"has-black-color has-text-color\">&#8211; Po antybiotykoterapiach, sterydoterapiach, d\u0142ugotrwa\u0142ym leczeniu hormonalnym lub onkologicznym&nbsp;<\/p><p class=\"has-black-color has-text-color\">&#8211; W chorobach: Le\u015bniowskiego \u2013 Crohna, wrzodziej\u0105cym zapaleniu jelita grubego, zespole jelita dra\u017cliwego<\/p><p class=\"has-black-color has-text-color\">&#8211; W dolegliwo\u015bciach przewodu pokarmowego: b\u00f3le brzucha, wzd\u0119cia, biegunki, zaparcia, zgaga.&nbsp;<\/p><p><strong><mark style=\"background-color:rgba(0, 0, 0, 0)\" class=\"has-inline-color has-black-color\">Poni\u017csze problemy zdrowotne mog\u0105 by\u0107 wynikiem nieprawid\u0142owej mikrobioty jelitowej:<\/mark><\/strong><\/p><div class=\"wp-block-columns is-layout-flex wp-container-core-columns-is-layout-2 wp-block-columns-is-layout-flex\"><div class=\"wp-block-column has-black-color has-text-color is-layout-flow wp-block-column-is-layout-flow\"><p>&#8211; Alergie, pokrzywki, egzemy,<\/p>\n\n<p>&#8211; AZS, nietolerancje pokarmowe.&nbsp;<\/p>\n\n<p>&#8211; Cz\u0119ste infekcje dolnych i g\u00f3rnych dr\u00f3g oddechowych, dr\u00f3g moczowo-p\u0142ciowych i innych wirusowych i bakteryjnych.&nbsp;<\/p>\n\n<p>&#8211; Nadpobudliwo\u015b\u0107, ADHD, autyzm.&nbsp;<\/p>\n\n<p>&#8211; Nadwaga lub oty\u0142o\u015b\u0107.&nbsp;<\/p><\/div>\n\n<div class=\"wp-block-column has-black-color has-text-color is-layout-flow wp-block-column-is-layout-flow\"><p>&#8211; Problemy z utrzymaniem prawid\u0142owej masy cia\u0142a<\/p>\n\n<p>&#8211; Nadmierne \u0142aknienie s\u0142odyczy<\/p>\n\n<p>&#8211; Problemy z redukcj\u0105 masy cia\u0142a<\/p>\n\n<p>&#8211; Chroniczne zm\u0119czenie.&nbsp;<\/p>\n\n<p>&#8211; Obni\u017cony nastr\u00f3j, depresja, nerwica czy inne zaburzenia emocjonalne.&nbsp;<\/p><\/div><\/div><figure class=\"wp-block-table is-style-stripes\"><table><tbody><tr><td class=\"has-text-align-center\" data-align=\"center\"><\/td><td class=\"has-text-align-center\" data-align=\"center\"><strong><mark style=\"background-color:rgba(0, 0, 0, 0);color:#000000\" class=\"has-inline-color\">Valida &#8211;<\/mark><\/strong><mark style=\"background-color:rgba(0, 0, 0, 0);color:#000000\" class=\"has-inline-color\"><strong> <\/strong><\/mark><mark style=\"background-color:rgba(0, 0, 0, 0)\" class=\"has-inline-color has-black-color\"><strong>Bilans jelitowy<\/strong><\/mark><\/td><td class=\"has-text-align-center\" data-align=\"center\"><strong><mark style=\"background-color:rgba(0, 0, 0, 0);color:#000000\" class=\"has-inline-color\"><a href=\"https:\/\/instytutdietetyki.pl\/zakupy\/produkt\/valida-bilans-jelitowy-plus\/\">Valida &#8211; Bilans jelitowy PLUS<\/a><\/mark><\/strong><\/td><\/tr><tr><td class=\"has-text-align-center\" data-align=\"center\"><mark style=\"background-color:rgba(0, 0, 0, 0);color:#000000\" class=\"has-inline-color\"><a href=\"https:\/\/instytutdietetyki.pl\/zakupy\/produkt\/valida-mikroflora-jelitowa\/\">Valida &#8211; Mikroflora jelitowa<\/a><\/mark><\/td><td class=\"has-text-align-center\" data-align=\"center\"><span style=\"color:#000000\" class=\"has-inline-color\">+<\/span><\/td><td class=\"has-text-align-center\" data-align=\"center\"><span style=\"color:#000000\" class=\"has-inline-color\">+<\/span><\/td><\/tr><tr><td class=\"has-text-align-center\" data-align=\"center\"><mark style=\"background-color:rgba(0, 0, 0, 0);color:#000000\" class=\"has-inline-color\"><a href=\"https:\/\/instytutdietetyki.pl\/zakupy\/produkt\/wydzielnicze-iga\/\">Zonulina<\/a><\/mark><\/td><td class=\"has-text-align-center\" data-align=\"center\"><span style=\"color:#000000\" class=\"has-inline-color\">+<\/span><\/td><td class=\"has-text-align-center\" data-align=\"center\"><span style=\"color:#000000\" class=\"has-inline-color\">+<\/span><\/td><\/tr><tr><td class=\"has-text-align-center\" data-align=\"center\"><mark style=\"background-color:rgba(0, 0, 0, 0);color:#000000\" class=\"has-inline-color\"><a href=\"https:\/\/instytutdietetyki.pl\/zakupy\/produkt\/kalprotektyna\/\">Kaprotektyna<\/a><\/mark><\/td><td class=\"has-text-align-center\" data-align=\"center\"><mark style=\"background-color:rgba(0, 0, 0, 0)\" class=\"has-inline-color has-black-color\">+<\/mark><\/td><td class=\"has-text-align-center\" data-align=\"center\"><span style=\"color:#000000\" class=\"has-inline-color\">+<\/span><\/td><\/tr><tr><td class=\"has-text-align-center\" data-align=\"center\"><mark style=\"background-color:rgba(0, 0, 0, 0);color:#000000\" class=\"has-inline-color\"><a href=\"https:\/\/instytutdietetyki.pl\/zakupy\/produkt\/badanie-beta-defensyny\/\">Beta-defensyna<\/a><\/mark><\/td><td class=\"has-text-align-center\" data-align=\"center\"><mark style=\"background-color:rgba(0, 0, 0, 0)\" class=\"has-inline-color has-black-color\">+<\/mark><\/td><td class=\"has-text-align-center\" data-align=\"center\"><span style=\"color:#000000\" class=\"has-inline-color\">+<\/span><\/td><\/tr><tr><td class=\"has-text-align-center\" data-align=\"center\"><mark style=\"background-color:rgba(0, 0, 0, 0);color:#000000\" class=\"has-inline-color\">IgA sekrecyjne (sIgA)<\/mark><\/td><td class=\"has-text-align-center\" data-align=\"center\"><mark style=\"background-color:rgba(0, 0, 0, 0)\" class=\"has-inline-color has-black-color\">+<\/mark><\/td><td class=\"has-text-align-center\" data-align=\"center\"><span style=\"color:#000000\" class=\"has-inline-color\">+<\/span><\/td><\/tr><tr><td class=\"has-text-align-center\" data-align=\"center\"><mark style=\"background-color:rgba(0, 0, 0, 0)\" class=\"has-inline-color has-black-color\">Paso\u017cyty<\/mark><\/td><td class=\"has-text-align-center\" data-align=\"center\"><\/td><td class=\"has-text-align-center\" data-align=\"center\"><mark style=\"background-color:rgba(0, 0, 0, 0)\" class=\"has-inline-color has-black-color\">+<\/mark><\/td><\/tr><\/tbody><\/table><\/figure><div class=\"wp-block-buttons is-content-justification-center is-layout-flex wp-container-core-buttons-is-layout-3 wp-block-buttons-is-layout-flex\"><div class=\"wp-block-button is-style-outline is-style-outline--4\"><a class=\"wp-block-button__link has-vivid-cyan-blue-color has-white-background-color has-text-color has-background\" href=\"https:\/\/instytutdietetyki.pl\/wp-content\/uploads\/2019\/06\/Przyklad-wynik-Valida-Mikroflora-jelitowa-1-j99ugll8.pdf\" style=\"border-radius:5px\" target=\"_blank\" rel=\"noreferrer noopener\"><strong><mark style=\"background-color:rgba(0, 0, 0, 0)\" class=\"has-inline-color has-vivid-cyan-blue-color\">PRZYK\u0141ADOWY WYNIK<\/mark><\/strong><\/a><\/div>\n\n<div class=\"wp-block-button is-style-outline is-style-outline--5\"><a class=\"wp-block-button__link has-vivid-cyan-blue-color has-white-background-color has-text-color has-background\" href=\"https:\/\/instytutdietetyki.pl\/zakupy\/wp-content\/uploads\/2022\/02\/czynniki-powodujace-dysbioze-jelitowa.png\" style=\"border-radius:5px\" target=\"_blank\" rel=\"noreferrer noopener\"><strong><mark style=\"background-color:rgba(0, 0, 0, 0)\" class=\"has-inline-color has-vivid-cyan-blue-color\">PRZYCZYNY DYSBIOZY<\/mark><\/strong><\/a><\/div>\n\n<div class=\"wp-block-button is-style-outline is-style-outline--6\"><a class=\"wp-block-button__link has-vivid-cyan-blue-color has-white-background-color has-text-color has-background\" href=\"https:\/\/instytutdietetyki.pl\/zakupy\/wp-content\/uploads\/2022\/07\/Gwarancja-Jakosci.pdf\" style=\"border-radius:5px\" target=\"_blank\" rel=\"noreferrer noopener\"><strong>GWARANCJA JAKO\u015aCI<\/strong><\/a><\/div><\/div><p><\/p>","protected":false},"excerpt":{"rendered":"<div class=\"su-heading su-heading-style-default su-heading-align-center\" id=\"\" style=\"font-size:17px;margin-bottom:20px\"><div class=\"su-heading-inner\"> Pakiet bada\u0144: Mikroflora jelitowa (bakterie, kandydoza), kalprotektyna, zonulina, beta defensyna 2, wydzielnicze IgA, paso\u017cyty z ka\u0142u . <\/div><\/div>\n","protected":false},"featured_media":29998,"comment_status":"open","ping_status":"closed","template":"","meta":{"_et_pb_use_builder":"","_et_pb_old_content":"","_et_gb_content_width":""},"product_brand":[],"product_cat":[48],"product_tag":[],"class_list":{"0":"post-22466","1":"product","2":"type-product","3":"status-publish","4":"has-post-thumbnail","6":"product_shipping_class-pozostale-produkty","7":"product_cat-badania-mikroflory-jelitowej","9":"first","10":"instock","11":"shipping-taxable","12":"purchasable","13":"product-type-simple"},"aioseo_notices":[],"_links":{"self":[{"href":"https:\/\/instytutdietetyki.pl\/zakupy\/wp-json\/wp\/v2\/product\/22466","targetHints":{"allow":["GET"]}}],"collection":[{"href":"https:\/\/instytutdietetyki.pl\/zakupy\/wp-json\/wp\/v2\/product"}],"about":[{"href":"https:\/\/instytutdietetyki.pl\/zakupy\/wp-json\/wp\/v2\/types\/product"}],"replies":[{"embeddable":true,"href":"https:\/\/instytutdietetyki.pl\/zakupy\/wp-json\/wp\/v2\/comments?post=22466"}],"wp:featuredmedia":[{"embeddable":true,"href":"https:\/\/instytutdietetyki.pl\/zakupy\/wp-json\/wp\/v2\/media\/29998"}],"wp:attachment":[{"href":"https:\/\/instytutdietetyki.pl\/zakupy\/wp-json\/wp\/v2\/media?parent=22466"}],"wp:term":[{"taxonomy":"product_brand","embeddable":true,"href":"https:\/\/instytutdietetyki.pl\/zakupy\/wp-json\/wp\/v2\/product_brand?post=22466"},{"taxonomy":"product_cat","embeddable":true,"href":"https:\/\/instytutdietetyki.pl\/zakupy\/wp-json\/wp\/v2\/product_cat?post=22466"},{"taxonomy":"product_tag","embeddable":true,"href":"https:\/\/instytutdietetyki.pl\/zakupy\/wp-json\/wp\/v2\/product_tag?post=22466"}],"curies":[{"name":"wp","href":"https:\/\/api.w.org\/{rel}","templated":true}]}}