{"id":22481,"date":"2022-07-13T15:46:28","date_gmt":"2022-07-13T13:46:28","guid":{"rendered":"https:\/\/instytutdietetyki.pl\/zakupy\/?post_type=product&#038;p=22481"},"modified":"2023-11-09T16:52:37","modified_gmt":"2023-11-09T15:52:37","slug":"helicobacter-pylori","status":"publish","type":"product","link":"https:\/\/instytutdietetyki.pl\/zakupy\/produkt\/helicobacter-pylori\/","title":{"rendered":"Helicobacter Pylori"},"content":{"rendered":"<div style=\"height:19px\" aria-hidden=\"true\" class=\"wp-block-spacer\"><\/div><div style=\"height:19px\" aria-hidden=\"true\" class=\"wp-block-spacer\"><\/div><figure class=\"wp-block-gallery has-nested-images columns-4 is-cropped wp-block-gallery-1 is-layout-flex wp-block-gallery-is-layout-flex\"><figure class=\"wp-block-image size-large\"><img loading=\"lazy\" decoding=\"async\" width=\"200\" height=\"200\" data-id=\"21645\" src=\"https:\/\/instytutdietetyki.pl\/zakupy\/wp-content\/uploads\/2022\/02\/1.png\" alt=\"\" class=\"wp-image-21645\" srcset=\"https:\/\/instytutdietetyki.pl\/zakupy\/wp-content\/uploads\/2022\/02\/1.png 200w, https:\/\/instytutdietetyki.pl\/zakupy\/wp-content\/uploads\/2022\/02\/1-150x150.png 150w, https:\/\/instytutdietetyki.pl\/zakupy\/wp-content\/uploads\/2022\/02\/1-100x100.png 100w, https:\/\/instytutdietetyki.pl\/zakupy\/wp-content\/uploads\/2022\/02\/1-64x64.png 64w\" sizes=\"(max-width: 200px) 100vw, 200px\" \/><\/figure>\n\n<figure class=\"wp-block-image size-large\"><img loading=\"lazy\" decoding=\"async\" width=\"200\" height=\"200\" data-id=\"21647\" src=\"https:\/\/instytutdietetyki.pl\/zakupy\/wp-content\/uploads\/2022\/02\/2-1.png\" alt=\"\" class=\"wp-image-21647\" srcset=\"https:\/\/instytutdietetyki.pl\/zakupy\/wp-content\/uploads\/2022\/02\/2-1.png 200w, https:\/\/instytutdietetyki.pl\/zakupy\/wp-content\/uploads\/2022\/02\/2-1-150x150.png 150w, https:\/\/instytutdietetyki.pl\/zakupy\/wp-content\/uploads\/2022\/02\/2-1-100x100.png 100w, https:\/\/instytutdietetyki.pl\/zakupy\/wp-content\/uploads\/2022\/02\/2-1-64x64.png 64w\" sizes=\"(max-width: 200px) 100vw, 200px\" \/><\/figure>\n\n<figure class=\"wp-block-image size-large\"><img loading=\"lazy\" decoding=\"async\" width=\"200\" height=\"200\" data-id=\"21649\" src=\"https:\/\/instytutdietetyki.pl\/zakupy\/wp-content\/uploads\/2022\/02\/3.png\" alt=\"\" class=\"wp-image-21649\" srcset=\"https:\/\/instytutdietetyki.pl\/zakupy\/wp-content\/uploads\/2022\/02\/3.png 200w, https:\/\/instytutdietetyki.pl\/zakupy\/wp-content\/uploads\/2022\/02\/3-150x150.png 150w, https:\/\/instytutdietetyki.pl\/zakupy\/wp-content\/uploads\/2022\/02\/3-100x100.png 100w, https:\/\/instytutdietetyki.pl\/zakupy\/wp-content\/uploads\/2022\/02\/3-64x64.png 64w\" sizes=\"(max-width: 200px) 100vw, 200px\" \/><\/figure>\n\n<figure class=\"wp-block-image size-large\"><img loading=\"lazy\" decoding=\"async\" width=\"200\" height=\"200\" data-id=\"21650\" src=\"https:\/\/instytutdietetyki.pl\/zakupy\/wp-content\/uploads\/2022\/02\/4.png\" alt=\"\" class=\"wp-image-21650\" srcset=\"https:\/\/instytutdietetyki.pl\/zakupy\/wp-content\/uploads\/2022\/02\/4.png 200w, https:\/\/instytutdietetyki.pl\/zakupy\/wp-content\/uploads\/2022\/02\/4-150x150.png 150w, https:\/\/instytutdietetyki.pl\/zakupy\/wp-content\/uploads\/2022\/02\/4-100x100.png 100w, https:\/\/instytutdietetyki.pl\/zakupy\/wp-content\/uploads\/2022\/02\/4-64x64.png 64w\" sizes=\"(max-width: 200px) 100vw, 200px\" \/><\/figure><\/figure><div style=\"height:19px\" aria-hidden=\"true\" class=\"wp-block-spacer\"><\/div><h4 class=\"has-text-align-left has-text-color wp-block-heading\" style=\"color:#000000\"><strong><mark style=\"background-color:rgba(0, 0, 0, 0);color:#000000\" class=\"has-inline-color\">CZYM JEST HELICOBACTER PYROLI?<\/mark><\/strong><\/h4><p class=\"has-black-color has-text-color\"><strong>Helicobacter pylori<\/strong> to bakteria, kt\u00f3ra zasiedla b\u0142on\u0119 \u015bluzow\u0105 \u017co\u0142\u0105dka \u2013 jest w stanie przetrwa\u0107 w tak niekorzystnych warunkach bytowych (ma zdolno\u015b\u0107 do zoboj\u0119tnienia kwa\u015bnego \u015brodowiska) i doprowadzi\u0107 do powa\u017cnych problem\u00f3w z \u017co\u0142\u0105dkiem. Bakterie te wytwarzaj\u0105 toksyny, kt\u00f3re maj\u0105 bardzo negatywny wp\u0142yw na b\u0142on\u0119 \u015bluzow\u0105 tego narz\u0105du. Helicobacter pylori&nbsp; mo\u017cna znale\u017a\u0107 r\u00f3wnie\u017c w p\u0142ytce naz\u0119bnej czy w kale.<\/p><p class=\"has-black-color has-text-color\">Do zaka\u017cenia dochodzi drog\u0105 pokarmow\u0105, czyli w momencie jedzenie ze wsp\u00f3lnych naczy\u0144, picia z tej samej butelki, czy dzielenie si\u0119 posi\u0142kiem poprzez tzw &#8222;daj gryza&#8221;. Do zaka\u017cenia dochodzi najcz\u0119\u015bciej w dzieci\u0144stwie, wraz z wiekiem ro\u015bnie odsetek os\u00f3b zaka\u017conych H. pylori. Dodatkowo wi\u0119cej zaka\u017ce\u0144 obserwuje si\u0119 w krajach rozwijaj\u0105cych si\u0119.<\/p><div style=\"height:19px\" aria-hidden=\"true\" class=\"wp-block-spacer\"><\/div><h4 class=\"has-text-align-left has-text-color wp-block-heading\" style=\"color:#000000\">KTO POWINIEN WYKONA\u0106 BADANIE<mark style=\"background-color:rgba(0, 0, 0, 0);color:#000000\" class=\"has-inline-color\">?<\/mark><mark style=\"background-color:rgba(0, 0, 0, 0);color:#000000\" class=\"has-inline-color\"><\/mark><\/h4><p><mark style=\"background-color:rgba(0, 0, 0, 0)\" class=\"has-inline-color has-black-color\">Je\u015bli zauwa\u017cy\u0142e\u015b u siebie poni\u017csze objawy, warto aby\u015b wykona\u0142 badanie:<\/mark><\/p><ul class=\"has-black-color has-text-color wp-block-list\"><li>nudno\u015bci,&nbsp;<\/li><li>wzd\u0119cia,<\/li><li>niestrawno\u015b\u0107,<\/li><li>b\u00f3le brzucha,<\/li><li>biegunki,<\/li><li>uczucie pe\u0142no\u015bci po&nbsp;jedzeniu,<\/li><li>kwa\u015bne odbijanie,<\/li><li>stan podgor\u0105czkowy,<\/li><li>zmniejszony apetyt.<\/li><\/ul><div style=\"height:19px\" aria-hidden=\"true\" class=\"wp-block-spacer\"><\/div><h4 class=\"has-text-align-left has-text-color wp-block-heading\" style=\"color:#000000\"><strong><mark style=\"background-color:rgba(0, 0, 0, 0);color:#000000\" class=\"has-inline-color\">CO DAJE BADANIE?<\/mark><\/strong><\/h4><p class=\"has-black-color has-text-color\">Na podstawie otrzymanego wyniku mo\u017cliwe jest wprowadzenie odpowiedniej antybiotykoterapii.<\/p><p class=\"has-black-color has-text-color\">Do typowych chor\u00f3b, kt\u00f3re s\u0105 powik\u0142aniami po infekcji Helicobacter pylori nale\u017c\u0105: choroba wrzodowa \u017co\u0142\u0105dka lub dwunastnicy, rak \u017co\u0142\u0105dka, choroba Menetriera (przerost b\u0142ony \u015bluzowej \u017co\u0142\u0105dka).<\/p><div style=\"height:19px\" aria-hidden=\"true\" class=\"wp-block-spacer\"><\/div><p class=\"has-white-color has-cyan-bluish-gray-background-color has-text-color has-background\" style=\"font-size:16px\"><mark style=\"background-color:rgba(0, 0, 0, 0)\" class=\"has-inline-color has-black-color\">Przeprowadzenie badania polega na pobraniu niewielkiej ilo\u015bci pr\u00f3bki ka\u0142u (do do\u0142\u0105czonego sterylnego pojemnika).<\/mark> <mark style=\"background-color:rgba(0, 0, 0, 0);color:#000000\" class=\"has-inline-color\"><strong>Pr\u00f3bk\u0119 nale\u017cy pobra\u0107 wed\u0142ug instrukcji do\u0142\u0105czonej do zestawu pobraniowego. <\/strong>Dzi\u0119ki temu odpowiednio wykonasz badanie i uchronisz pr\u00f3bk\u0119 przed zanieczyszczeniem. Zam\u00f3w kuriera wed\u0142ug instrukcji (op\u0142ata za przesy\u0142k\u0119 wliczona jest w koszt badania) i wy\u015blij pobran\u0105 pr\u00f3bk\u0119 wraz z ankiet\u0105 do\u0142\u0105czon\u0105 do badania. Pami\u0119taj aby nie wysy\u0142a\u0107 pr\u00f3bki pod koniec tygodnia, poniewa\u017c najlepiej aby jak najszybciej dotar\u0142a do laboratorium.<\/mark><\/p><div style=\"height:19px\" aria-hidden=\"true\" class=\"wp-block-spacer\"><\/div><div class=\"wp-block-columns is-layout-flex wp-container-core-columns-is-layout-1 wp-block-columns-is-layout-flex\"><div class=\"wp-block-column is-layout-flow wp-block-column-is-layout-flow\"><figure class=\"wp-block-image size-large\"><img loading=\"lazy\" decoding=\"async\" width=\"1024\" height=\"1024\" src=\"https:\/\/instytutdietetyki.pl\/zakupy\/wp-content\/uploads\/2022\/07\/13-1-1024x1024.png\" alt=\"\" class=\"wp-image-22679\" srcset=\"https:\/\/instytutdietetyki.pl\/zakupy\/wp-content\/uploads\/2022\/07\/13-1-1024x1024.png 1024w, https:\/\/instytutdietetyki.pl\/zakupy\/wp-content\/uploads\/2022\/07\/13-1-980x980.png 980w, https:\/\/instytutdietetyki.pl\/zakupy\/wp-content\/uploads\/2022\/07\/13-1-480x480.png 480w\" sizes=\"(min-width: 0px) and (max-width: 480px) 480px, (min-width: 481px) and (max-width: 980px) 980px, (min-width: 981px) 1024px, 100vw\" \/><\/figure><\/div>\n\n<div class=\"wp-block-column is-layout-flow wp-block-column-is-layout-flow\"><figure class=\"wp-block-image size-large\"><img loading=\"lazy\" decoding=\"async\" width=\"1024\" height=\"1024\" src=\"https:\/\/instytutdietetyki.pl\/zakupy\/wp-content\/uploads\/2022\/07\/14-1-1024x1024.png\" alt=\"\" class=\"wp-image-22680\" srcset=\"https:\/\/instytutdietetyki.pl\/zakupy\/wp-content\/uploads\/2022\/07\/14-1-1024x1024.png 1024w, https:\/\/instytutdietetyki.pl\/zakupy\/wp-content\/uploads\/2022\/07\/14-1-980x980.png 980w, https:\/\/instytutdietetyki.pl\/zakupy\/wp-content\/uploads\/2022\/07\/14-1-480x480.png 480w\" sizes=\"(min-width: 0px) and (max-width: 480px) 480px, (min-width: 481px) and (max-width: 980px) 980px, (min-width: 981px) 1024px, 100vw\" \/><\/figure><\/div>\n\n<div class=\"wp-block-column is-layout-flow wp-block-column-is-layout-flow\"><figure class=\"wp-block-image size-large\"><img loading=\"lazy\" decoding=\"async\" width=\"1024\" height=\"1024\" src=\"https:\/\/instytutdietetyki.pl\/zakupy\/wp-content\/uploads\/2022\/07\/15-1-1024x1024.png\" alt=\"\" class=\"wp-image-22681\" srcset=\"https:\/\/instytutdietetyki.pl\/zakupy\/wp-content\/uploads\/2022\/07\/15-1-1024x1024.png 1024w, https:\/\/instytutdietetyki.pl\/zakupy\/wp-content\/uploads\/2022\/07\/15-1-980x980.png 980w, https:\/\/instytutdietetyki.pl\/zakupy\/wp-content\/uploads\/2022\/07\/15-1-480x480.png 480w\" sizes=\"(min-width: 0px) and (max-width: 480px) 480px, (min-width: 481px) and (max-width: 980px) 980px, (min-width: 981px) 1024px, 100vw\" \/><\/figure><\/div><\/div>","protected":false},"excerpt":{"rendered":"<p>CZYM JEST HELICOBACTER PYROLI? Helicobacter pylori to bakteria, kt\u00f3ra zasiedla b\u0142on\u0119 \u015bluzow\u0105 \u017co\u0142\u0105dka \u2013 jest w stanie przetrwa\u0107 w tak niekorzystnych warunkach bytowych (ma zdolno\u015b\u0107 do zoboj\u0119tnienia kwa\u015bnego \u015brodowiska) i doprowadzi\u0107 do powa\u017cnych problem\u00f3w z \u017co\u0142\u0105dkiem. Bakterie te wytwarzaj\u0105 toksyny, kt\u00f3re maj\u0105 bardzo negatywny wp\u0142yw na b\u0142on\u0119 \u015bluzow\u0105 tego narz\u0105du. Helicobacter pylori&nbsp; mo\u017cna znale\u017a\u0107 r\u00f3wnie\u017c [&hellip;]<\/p>\n","protected":false},"featured_media":22482,"comment_status":"open","ping_status":"closed","template":"","meta":{"_et_pb_use_builder":"off","_et_pb_old_content":"","_et_gb_content_width":""},"product_brand":[],"product_cat":[129],"product_tag":[],"class_list":{"0":"post-22481","1":"product","2":"type-product","3":"status-publish","4":"has-post-thumbnail","6":"product_cat-bakterie-grzyby-i-pasozyty","8":"first","9":"instock","10":"shipping-taxable","11":"purchasable","12":"product-type-simple"},"aioseo_notices":[],"_links":{"self":[{"href":"https:\/\/instytutdietetyki.pl\/zakupy\/wp-json\/wp\/v2\/product\/22481","targetHints":{"allow":["GET"]}}],"collection":[{"href":"https:\/\/instytutdietetyki.pl\/zakupy\/wp-json\/wp\/v2\/product"}],"about":[{"href":"https:\/\/instytutdietetyki.pl\/zakupy\/wp-json\/wp\/v2\/types\/product"}],"replies":[{"embeddable":true,"href":"https:\/\/instytutdietetyki.pl\/zakupy\/wp-json\/wp\/v2\/comments?post=22481"}],"wp:featuredmedia":[{"embeddable":true,"href":"https:\/\/instytutdietetyki.pl\/zakupy\/wp-json\/wp\/v2\/media\/22482"}],"wp:attachment":[{"href":"https:\/\/instytutdietetyki.pl\/zakupy\/wp-json\/wp\/v2\/media?parent=22481"}],"wp:term":[{"taxonomy":"product_brand","embeddable":true,"href":"https:\/\/instytutdietetyki.pl\/zakupy\/wp-json\/wp\/v2\/product_brand?post=22481"},{"taxonomy":"product_cat","embeddable":true,"href":"https:\/\/instytutdietetyki.pl\/zakupy\/wp-json\/wp\/v2\/product_cat?post=22481"},{"taxonomy":"product_tag","embeddable":true,"href":"https:\/\/instytutdietetyki.pl\/zakupy\/wp-json\/wp\/v2\/product_tag?post=22481"}],"curies":[{"name":"wp","href":"https:\/\/api.w.org\/{rel}","templated":true}]}}